{"id":5045,"date":"2024-01-12T13:06:21","date_gmt":"2024-01-12T13:06:21","guid":{"rendered":"https:\/\/www.summetix.com\/rechtlicher-hinweis\/"},"modified":"2024-06-25T14:53:43","modified_gmt":"2024-06-25T14:53:43","slug":"rechtlicher-hinweis","status":"publish","type":"page","link":"https:\/\/www.summetix.com\/de\/rechtlicher-hinweis\/","title":{"rendered":"Impressum"},"content":{"rendered":"\t\t<div data-elementor-type=\"wp-page\" data-elementor-id=\"5045\" class=\"elementor elementor-5045 elementor-981\" data-elementor-post-type=\"page\">\n\t\t\t\t<div class=\"elementor-element elementor-element-f6e75d1 e-con-full e-flex e-con e-parent\" data-id=\"f6e75d1\" data-element_type=\"container\" data-e-type=\"container\">\n\t\t\t\t<div class=\"elementor-element elementor-element-4627a05 elementor-widget elementor-widget-spacer\" data-id=\"4627a05\" data-element_type=\"widget\" data-e-type=\"widget\" data-widget_type=\"spacer.default\">\n\t\t\t\t<div class=\"elementor-widget-container\">\n\t\t\t\t\t\t\t<div class=\"elementor-spacer\">\n\t\t\t<div class=\"elementor-spacer-inner\"><\/div>\n\t\t<\/div>\n\t\t\t\t\t\t<\/div>\n\t\t\t\t<\/div>\n\t\t\t\t<div class=\"elementor-element elementor-element-7d573a4 elementor-widget__width-initial elementor-widget elementor-widget-text-editor\" data-id=\"7d573a4\" data-element_type=\"widget\" data-e-type=\"widget\" data-widget_type=\"text-editor.default\">\n\t\t\t\t<div class=\"elementor-widget-container\">\n\t\t\t\t\t\t\t\t\t<h1>Impressum<\/h1>\n<h2>Anbieter dieser Webseite<\/h2>\n<p><strong>summetix GmbH<\/strong><\/p>\n<p>vertreten durch ihre Gesch\u00e4ftsf\u00fchrer Erik Kaiser und Johannes Daxenberger.<\/p>\n<h5>Postanschrift<\/h5>\n<p>Frohsinnstra\u00dfe 32<br \/>\n63739 Aschaffenburg \/ Deutschland<\/p>\n<h5>Rechtlicher Hinweis<\/h5>\n<p>Amtsgericht Aschaffenburg<br \/>\nHRB 16040<br \/>\nUMSATZSTEUER-ID: DE 342030068<\/p>\n<h5>Kontaktinformationen<\/h5>\n<p><a title=\"Schreiben Sie eine E-Mail\" href=\"mailto:info@summetix.com\">info@summetix.com<\/a><\/p>\n<h5>Haftungsausschluss<\/h5>\n<p>Trotz sorgf\u00e4ltiger inhaltlicher Kontrolle \u00fcbernehmen wir keine Haftung f\u00fcr die Inhalte externer Links. F\u00fcr den Inhalt der verlinkten Seiten sind ausschlie\u00dflich deren Betreiber verantwortlich. Wir k\u00f6nnen jedoch erkl\u00e4ren, dass zum Zeitpunkt der Linksetzung keine illegalen Inhalte auf den verlinkten Seiten erkennbar waren. Wenn wir Kenntnis von rechtswidrigen oder fehlerhaften Inhalten auf Websites erhalten, auf die wir verlinken, werden wir den Link entfernen.<\/p>\n<h5>Cookies<\/h5>\n<p>Wir verwenden Cookies, um unsere Website f\u00fcr Sie zu optimieren und kontinuierlich zu verbessern. Durch die weitere Nutzung der Website erkl\u00e4ren Sie sich mit der Verwendung von Cookies einverstanden. Weitere Informationen zu Cookies finden Sie in unserer <a href=\"https:\/\/www.summetix.com\/de\/datenschutz\/\" target=\"_blank\" rel=\"noopener\">Datenschutzerkl\u00e4rung<\/a>.<\/p>\n\t\t\t\t\t\t\t\t<\/div>\n\t\t\t\t<\/div>\n\t\t\t\t<\/div>\n\t\t\t\t<\/div>\n\t\t","protected":false},"excerpt":{"rendered":"<p>Impressum Anbieter dieser Webseite summetix GmbH vertreten durch ihre Gesch\u00e4ftsf\u00fchrer Erik Kaiser und Johannes Daxenberger. Postanschrift Frohsinnstra\u00dfe 32 63739 Aschaffenburg \/ Deutschland Rechtlicher Hinweis Amtsgericht Aschaffenburg HRB 16040 UMSATZSTEUER-ID: DE 342030068 Kontaktinformationen info@summetix.com Haftungsausschluss Trotz sorgf\u00e4ltiger inhaltlicher Kontrolle \u00fcbernehmen wir keine Haftung f\u00fcr die Inhalte externer Links. F\u00fcr den Inhalt der verlinkten Seiten sind ausschlie\u00dflich [&hellip;]<\/p>\n","protected":false},"author":1,"featured_media":0,"parent":0,"menu_order":0,"comment_status":"closed","ping_status":"closed","template":"","meta":{"content-type":"","footnotes":""},"class_list":["post-5045","page","type-page","status-publish","hentry"],"yoast_head":"<!-- This site is optimized with the Yoast SEO plugin v27.2 - https:\/\/yoast.com\/product\/yoast-seo-wordpress\/ -->\n<title>Impressum - summetix<\/title>\n<meta name=\"robots\" content=\"index, follow, max-snippet:-1, max-image-preview:large, max-video-preview:-1\" \/>\n<link rel=\"canonical\" href=\"https:\/\/www.summetix.com\/de\/rechtlicher-hinweis\/\" \/>\n<meta property=\"og:locale\" content=\"de_DE\" \/>\n<meta property=\"og:type\" content=\"article\" \/>\n<meta property=\"og:title\" content=\"Impressum - summetix\" \/>\n<meta property=\"og:description\" content=\"Impressum Anbieter dieser Webseite summetix GmbH vertreten durch ihre Gesch\u00e4ftsf\u00fchrer Erik Kaiser und Johannes Daxenberger. Postanschrift Frohsinnstra\u00dfe 32 63739 Aschaffenburg \/ Deutschland Rechtlicher Hinweis Amtsgericht Aschaffenburg HRB 16040 UMSATZSTEUER-ID: DE 342030068 Kontaktinformationen info@summetix.com Haftungsausschluss Trotz sorgf\u00e4ltiger inhaltlicher Kontrolle \u00fcbernehmen wir keine Haftung f\u00fcr die Inhalte externer Links. F\u00fcr den Inhalt der verlinkten Seiten sind ausschlie\u00dflich [&hellip;]\" \/>\n<meta property=\"og:url\" content=\"https:\/\/www.summetix.com\/de\/rechtlicher-hinweis\/\" \/>\n<meta property=\"og:site_name\" content=\"summetix\" \/>\n<meta property=\"article:modified_time\" content=\"2024-06-25T14:53:43+00:00\" \/>\n<meta name=\"twitter:label1\" content=\"Gesch\u00e4tzte Lesezeit\" \/>\n\t<meta name=\"twitter:data1\" content=\"1\u00a0Minute\" \/>\n<script type=\"application\/ld+json\" class=\"yoast-schema-graph\">{\"@context\":\"https:\/\/schema.org\",\"@graph\":[{\"@type\":\"WebPage\",\"@id\":\"https:\/\/www.summetix.com\/de\/rechtlicher-hinweis\/\",\"url\":\"https:\/\/www.summetix.com\/de\/rechtlicher-hinweis\/\",\"name\":\"Impressum - summetix\",\"isPartOf\":{\"@id\":\"https:\/\/summetix.com\/#website\"},\"datePublished\":\"2024-01-12T13:06:21+00:00\",\"dateModified\":\"2024-06-25T14:53:43+00:00\",\"breadcrumb\":{\"@id\":\"https:\/\/www.summetix.com\/de\/rechtlicher-hinweis\/#breadcrumb\"},\"inLanguage\":\"de\",\"potentialAction\":[{\"@type\":\"ReadAction\",\"target\":[\"https:\/\/www.summetix.com\/de\/rechtlicher-hinweis\/\"]}]},{\"@type\":\"BreadcrumbList\",\"@id\":\"https:\/\/www.summetix.com\/de\/rechtlicher-hinweis\/#breadcrumb\",\"itemListElement\":[{\"@type\":\"ListItem\",\"position\":1,\"name\":\"Home\",\"item\":\"https:\/\/www.summetix.com\/de\/\"},{\"@type\":\"ListItem\",\"position\":2,\"name\":\"Impressum\"}]},{\"@type\":\"WebSite\",\"@id\":\"https:\/\/summetix.com\/#website\",\"url\":\"https:\/\/summetix.com\/\",\"name\":\"summetix\",\"description\":\"Discover hidden insights in customer feedback and complex qualitative data. summetix uses proprietary Argument Mining and large language models to discover patterns and trends that help your business save and make money.\",\"publisher\":{\"@id\":\"https:\/\/summetix.com\/#organization\"},\"potentialAction\":[{\"@type\":\"SearchAction\",\"target\":{\"@type\":\"EntryPoint\",\"urlTemplate\":\"https:\/\/summetix.com\/?s={search_term_string}\"},\"query-input\":{\"@type\":\"PropertyValueSpecification\",\"valueRequired\":true,\"valueName\":\"search_term_string\"}}],\"inLanguage\":\"de\"},{\"@type\":\"Organization\",\"@id\":\"https:\/\/summetix.com\/#organization\",\"name\":\"summetix\",\"url\":\"https:\/\/summetix.com\/\",\"logo\":{\"@type\":\"ImageObject\",\"inLanguage\":\"de\",\"@id\":\"https:\/\/summetix.com\/#\/schema\/logo\/image\/\",\"url\":\"https:\/\/www.summetix.com\/wp-content\/uploads\/2023\/12\/summetix_smooth_text.png\",\"contentUrl\":\"https:\/\/www.summetix.com\/wp-content\/uploads\/2023\/12\/summetix_smooth_text.png\",\"width\":2000,\"height\":304,\"caption\":\"summetix\"},\"image\":{\"@id\":\"https:\/\/summetix.com\/#\/schema\/logo\/image\/\"}}]}<\/script>\n<!-- \/ Yoast SEO plugin. -->","yoast_head_json":{"title":"Impressum - summetix","robots":{"index":"index","follow":"follow","max-snippet":"max-snippet:-1","max-image-preview":"max-image-preview:large","max-video-preview":"max-video-preview:-1"},"canonical":"https:\/\/www.summetix.com\/de\/rechtlicher-hinweis\/","og_locale":"de_DE","og_type":"article","og_title":"Impressum - summetix","og_description":"Impressum Anbieter dieser Webseite summetix GmbH vertreten durch ihre Gesch\u00e4ftsf\u00fchrer Erik Kaiser und Johannes Daxenberger. Postanschrift Frohsinnstra\u00dfe 32 63739 Aschaffenburg \/ Deutschland Rechtlicher Hinweis Amtsgericht Aschaffenburg HRB 16040 UMSATZSTEUER-ID: DE 342030068 Kontaktinformationen info@summetix.com Haftungsausschluss Trotz sorgf\u00e4ltiger inhaltlicher Kontrolle \u00fcbernehmen wir keine Haftung f\u00fcr die Inhalte externer Links. F\u00fcr den Inhalt der verlinkten Seiten sind ausschlie\u00dflich [&hellip;]","og_url":"https:\/\/www.summetix.com\/de\/rechtlicher-hinweis\/","og_site_name":"summetix","article_modified_time":"2024-06-25T14:53:43+00:00","twitter_misc":{"Gesch\u00e4tzte Lesezeit":"1\u00a0Minute"},"schema":{"@context":"https:\/\/schema.org","@graph":[{"@type":"WebPage","@id":"https:\/\/www.summetix.com\/de\/rechtlicher-hinweis\/","url":"https:\/\/www.summetix.com\/de\/rechtlicher-hinweis\/","name":"Impressum - summetix","isPartOf":{"@id":"https:\/\/summetix.com\/#website"},"datePublished":"2024-01-12T13:06:21+00:00","dateModified":"2024-06-25T14:53:43+00:00","breadcrumb":{"@id":"https:\/\/www.summetix.com\/de\/rechtlicher-hinweis\/#breadcrumb"},"inLanguage":"de","potentialAction":[{"@type":"ReadAction","target":["https:\/\/www.summetix.com\/de\/rechtlicher-hinweis\/"]}]},{"@type":"BreadcrumbList","@id":"https:\/\/www.summetix.com\/de\/rechtlicher-hinweis\/#breadcrumb","itemListElement":[{"@type":"ListItem","position":1,"name":"Home","item":"https:\/\/www.summetix.com\/de\/"},{"@type":"ListItem","position":2,"name":"Impressum"}]},{"@type":"WebSite","@id":"https:\/\/summetix.com\/#website","url":"https:\/\/summetix.com\/","name":"summetix","description":"Discover hidden insights in customer feedback and complex qualitative data. summetix uses proprietary Argument Mining and large language models to discover patterns and trends that help your business save and make money.","publisher":{"@id":"https:\/\/summetix.com\/#organization"},"potentialAction":[{"@type":"SearchAction","target":{"@type":"EntryPoint","urlTemplate":"https:\/\/summetix.com\/?s={search_term_string}"},"query-input":{"@type":"PropertyValueSpecification","valueRequired":true,"valueName":"search_term_string"}}],"inLanguage":"de"},{"@type":"Organization","@id":"https:\/\/summetix.com\/#organization","name":"summetix","url":"https:\/\/summetix.com\/","logo":{"@type":"ImageObject","inLanguage":"de","@id":"https:\/\/summetix.com\/#\/schema\/logo\/image\/","url":"https:\/\/www.summetix.com\/wp-content\/uploads\/2023\/12\/summetix_smooth_text.png","contentUrl":"https:\/\/www.summetix.com\/wp-content\/uploads\/2023\/12\/summetix_smooth_text.png","width":2000,"height":304,"caption":"summetix"},"image":{"@id":"https:\/\/summetix.com\/#\/schema\/logo\/image\/"}}]}},"_links":{"self":[{"href":"https:\/\/www.summetix.com\/de\/wp-json\/wp\/v2\/pages\/5045","targetHints":{"allow":["GET"]}}],"collection":[{"href":"https:\/\/www.summetix.com\/de\/wp-json\/wp\/v2\/pages"}],"about":[{"href":"https:\/\/www.summetix.com\/de\/wp-json\/wp\/v2\/types\/page"}],"author":[{"embeddable":true,"href":"https:\/\/www.summetix.com\/de\/wp-json\/wp\/v2\/users\/1"}],"replies":[{"embeddable":true,"href":"https:\/\/www.summetix.com\/de\/wp-json\/wp\/v2\/comments?post=5045"}],"version-history":[{"count":8,"href":"https:\/\/www.summetix.com\/de\/wp-json\/wp\/v2\/pages\/5045\/revisions"}],"predecessor-version":[{"id":5460,"href":"https:\/\/www.summetix.com\/de\/wp-json\/wp\/v2\/pages\/5045\/revisions\/5460"}],"wp:attachment":[{"href":"https:\/\/www.summetix.com\/de\/wp-json\/wp\/v2\/media?parent=5045"}],"curies":[{"name":"wp","href":"https:\/\/api.w.org\/{rel}","templated":true}]}}