{"id":5066,"date":"2024-01-12T15:05:49","date_gmt":"2024-01-12T15:05:49","guid":{"rendered":"https:\/\/www.summetix.com\/nachrichten\/"},"modified":"2024-05-23T16:02:10","modified_gmt":"2024-05-23T16:02:10","slug":"nachrichten","status":"publish","type":"page","link":"https:\/\/www.summetix.com\/de\/nachrichten\/","title":{"rendered":"News"},"content":{"rendered":"\t\t<div data-elementor-type=\"wp-page\" data-elementor-id=\"5066\" class=\"elementor elementor-5066 elementor-1058\" data-elementor-post-type=\"page\">\n\t\t\t\t<div class=\"elementor-element elementor-element-8ee4c45 e-con-full e-flex e-con e-parent\" data-id=\"8ee4c45\" data-element_type=\"container\" data-e-type=\"container\" data-settings=\"{&quot;background_background&quot;:&quot;classic&quot;,&quot;shape_divider_bottom&quot;:&quot;opacity-tilt&quot;}\">\n\t\t\t\t<div class=\"elementor-shape elementor-shape-bottom\" aria-hidden=\"true\" data-negative=\"false\">\n\t\t\t<svg xmlns=\"http:\/\/www.w3.org\/2000\/svg\" viewBox=\"0 0 2600 131.1\" preserveAspectRatio=\"none\">\n\t<path class=\"elementor-shape-fill\" d=\"M0 0L2600 0 2600 69.1 0 0z\"\/>\n\t<path class=\"elementor-shape-fill\" style=\"opacity:0.5\" d=\"M0 0L2600 0 2600 69.1 0 69.1z\"\/>\n\t<path class=\"elementor-shape-fill\" style=\"opacity:0.25\" d=\"M2600 0L0 0 0 130.1 2600 69.1z\"\/>\n<\/svg>\t\t<\/div>\n\t\t<div class=\"elementor-element elementor-element-3f074f7 e-con-full e-flex e-con e-child\" data-id=\"3f074f7\" data-element_type=\"container\" data-e-type=\"container\">\n\t\t\t\t<div class=\"elementor-element elementor-element-28ad7d3 elementor-widget elementor-widget-heading\" data-id=\"28ad7d3\" data-element_type=\"widget\" data-e-type=\"widget\" data-widget_type=\"heading.default\">\n\t\t\t\t<div class=\"elementor-widget-container\">\n\t\t\t\t\t<h3 class=\"elementor-heading-title elementor-size-default\">NEXT GENERATION CUSTOMER INTELLIGENCE<\/h3>\t\t\t\t<\/div>\n\t\t\t\t<\/div>\n\t\t\t\t<div class=\"elementor-element elementor-element-6100a6e elementor-invisible elementor-widget elementor-widget-heading\" data-id=\"6100a6e\" data-element_type=\"widget\" data-e-type=\"widget\" data-settings=\"{&quot;_animation&quot;:&quot;zoomIn&quot;}\" data-widget_type=\"heading.default\">\n\t\t\t\t<div class=\"elementor-widget-container\">\n\t\t\t\t\t<h1 class=\"elementor-heading-title elementor-size-default\">News<\/h1>\t\t\t\t<\/div>\n\t\t\t\t<\/div>\n\t\t\t\t<div class=\"elementor-element elementor-element-4ba81e0 elementor-widget__width-initial elementor-widget elementor-widget-text-editor\" data-id=\"4ba81e0\" data-element_type=\"widget\" data-e-type=\"widget\" data-widget_type=\"text-editor.default\">\n\t\t\t\t<div class=\"elementor-widget-container\">\n\t\t\t\t\t\t\t\t\t<p style=\"text-align: center;\">Entdecken Sie verborgene Erkenntnisse in <strong>Kundenfeedback<\/strong> und komplexen qualitativen Daten. SUMMETIX verwendet propriet\u00e4res <strong>Argument Mining<\/strong> und gro\u00dfe Sprachmodelle, um Muster und<strong> Trends <\/strong>zu entdecken, die Ihr Gesch\u00e4ft ver\u00e4ndern werden.<\/p>\n\t\t\t\t\t\t\t\t<\/div>\n\t\t\t\t<\/div>\n\t\t\t\t<\/div>\n\t\t<div class=\"elementor-element elementor-element-d08d3bf e-flex e-con-boxed e-con e-child\" data-id=\"d08d3bf\" data-element_type=\"container\" data-e-type=\"container\" data-settings=\"{&quot;background_background&quot;:&quot;classic&quot;}\">\n\t\t\t\t\t<div class=\"e-con-inner\">\n\t\t\t\t<div class=\"elementor-element elementor-element-7291edd elementor-widget elementor-widget-button\" data-id=\"7291edd\" data-element_type=\"widget\" data-e-type=\"widget\" data-widget_type=\"button.default\">\n\t\t\t\t<div class=\"elementor-widget-container\">\n\t\t\t\t\t\t\t\t\t<div class=\"elementor-button-wrapper\">\n\t\t\t\t\t<a class=\"elementor-button elementor-button-link elementor-size-xl\" href=\"https:\/\/www.summetix.com\/de\/demo\/\">\n\t\t\t\t\t\t<span class=\"elementor-button-content-wrapper\">\n\t\t\t\t\t\t\t\t\t<span class=\"elementor-button-text\">Demo anfordern<\/span>\n\t\t\t\t\t<\/span>\n\t\t\t\t\t<\/a>\n\t\t\t\t<\/div>\n\t\t\t\t\t\t\t\t<\/div>\n\t\t\t\t<\/div>\n\t\t\t\t\t<\/div>\n\t\t\t\t<\/div>\n\t\t\t\t<\/div>\n\t\t<div class=\"elementor-element elementor-element-4502d8a e-flex e-con-boxed e-con e-parent\" data-id=\"4502d8a\" data-element_type=\"container\" data-e-type=\"container\">\n\t\t\t\t\t<div class=\"e-con-inner\">\n\t\t\t\t<div class=\"elementor-element elementor-element-bc2e9cd elementor-widget elementor-widget-spacer\" data-id=\"bc2e9cd\" data-element_type=\"widget\" data-e-type=\"widget\" data-widget_type=\"spacer.default\">\n\t\t\t\t<div class=\"elementor-widget-container\">\n\t\t\t\t\t\t\t<div class=\"elementor-spacer\">\n\t\t\t<div class=\"elementor-spacer-inner\"><\/div>\n\t\t<\/div>\n\t\t\t\t\t\t<\/div>\n\t\t\t\t<\/div>\n\t\t\t\t\t<\/div>\n\t\t\t\t<\/div>\n\t\t\t\t<\/div>\n\t\t","protected":false},"excerpt":{"rendered":"<p>NEXT GENERATION CUSTOMER INTELLIGENCE News Entdecken Sie verborgene Erkenntnisse in Kundenfeedback und komplexen qualitativen Daten. SUMMETIX verwendet propriet\u00e4res Argument Mining und gro\u00dfe Sprachmodelle, um Muster und Trends zu entdecken, die Ihr Gesch\u00e4ft ver\u00e4ndern werden. Demo anfordern<\/p>\n","protected":false},"author":1,"featured_media":0,"parent":0,"menu_order":0,"comment_status":"closed","ping_status":"closed","template":"elementor_header_footer","meta":{"content-type":"","footnotes":""},"class_list":["post-5066","page","type-page","status-publish","hentry"],"yoast_head":"<!-- This site is optimized with the Yoast SEO plugin v27.2 - https:\/\/yoast.com\/product\/yoast-seo-wordpress\/ -->\n<title>News - summetix<\/title>\n<meta name=\"robots\" content=\"index, follow, max-snippet:-1, max-image-preview:large, max-video-preview:-1\" \/>\n<link rel=\"canonical\" href=\"https:\/\/www.summetix.com\/de\/nachrichten\/\" \/>\n<meta property=\"og:locale\" content=\"de_DE\" \/>\n<meta property=\"og:type\" content=\"article\" \/>\n<meta property=\"og:title\" content=\"News - summetix\" \/>\n<meta property=\"og:description\" content=\"NEXT GENERATION CUSTOMER INTELLIGENCE News Entdecken Sie verborgene Erkenntnisse in Kundenfeedback und komplexen qualitativen Daten. SUMMETIX verwendet propriet\u00e4res Argument Mining und gro\u00dfe Sprachmodelle, um Muster und Trends zu entdecken, die Ihr Gesch\u00e4ft ver\u00e4ndern werden. Demo anfordern\" \/>\n<meta property=\"og:url\" content=\"https:\/\/www.summetix.com\/de\/nachrichten\/\" \/>\n<meta property=\"og:site_name\" content=\"summetix\" \/>\n<meta property=\"article:modified_time\" content=\"2024-05-23T16:02:10+00:00\" \/>\n<script type=\"application\/ld+json\" class=\"yoast-schema-graph\">{\"@context\":\"https:\/\/schema.org\",\"@graph\":[{\"@type\":\"WebPage\",\"@id\":\"https:\/\/www.summetix.com\/de\/nachrichten\/\",\"url\":\"https:\/\/www.summetix.com\/de\/nachrichten\/\",\"name\":\"News - summetix\",\"isPartOf\":{\"@id\":\"https:\/\/www.summetix.com\/de\/#website\"},\"datePublished\":\"2024-01-12T15:05:49+00:00\",\"dateModified\":\"2024-05-23T16:02:10+00:00\",\"breadcrumb\":{\"@id\":\"https:\/\/www.summetix.com\/de\/nachrichten\/#breadcrumb\"},\"inLanguage\":\"de\",\"potentialAction\":[{\"@type\":\"ReadAction\",\"target\":[\"https:\/\/www.summetix.com\/de\/nachrichten\/\"]}]},{\"@type\":\"BreadcrumbList\",\"@id\":\"https:\/\/www.summetix.com\/de\/nachrichten\/#breadcrumb\",\"itemListElement\":[{\"@type\":\"ListItem\",\"position\":1,\"name\":\"Home\",\"item\":\"https:\/\/www.summetix.com\/de\/\"},{\"@type\":\"ListItem\",\"position\":2,\"name\":\"News\"}]},{\"@type\":\"WebSite\",\"@id\":\"https:\/\/www.summetix.com\/de\/#website\",\"url\":\"https:\/\/www.summetix.com\/de\/\",\"name\":\"summetix\",\"description\":\"Discover hidden insights in customer feedback and complex qualitative data. summetix uses proprietary Argument Mining and large language models to discover patterns and trends that help your business save and make money.\",\"publisher\":{\"@id\":\"https:\/\/www.summetix.com\/de\/#organization\"},\"potentialAction\":[{\"@type\":\"SearchAction\",\"target\":{\"@type\":\"EntryPoint\",\"urlTemplate\":\"https:\/\/www.summetix.com\/de\/?s={search_term_string}\"},\"query-input\":{\"@type\":\"PropertyValueSpecification\",\"valueRequired\":true,\"valueName\":\"search_term_string\"}}],\"inLanguage\":\"de\"},{\"@type\":\"Organization\",\"@id\":\"https:\/\/www.summetix.com\/de\/#organization\",\"name\":\"summetix\",\"url\":\"https:\/\/www.summetix.com\/de\/\",\"logo\":{\"@type\":\"ImageObject\",\"inLanguage\":\"de\",\"@id\":\"https:\/\/www.summetix.com\/de\/#\/schema\/logo\/image\/\",\"url\":\"https:\/\/www.summetix.com\/wp-content\/uploads\/2023\/12\/summetix_smooth_text.png\",\"contentUrl\":\"https:\/\/www.summetix.com\/wp-content\/uploads\/2023\/12\/summetix_smooth_text.png\",\"width\":2000,\"height\":304,\"caption\":\"summetix\"},\"image\":{\"@id\":\"https:\/\/www.summetix.com\/de\/#\/schema\/logo\/image\/\"}}]}<\/script>\n<!-- \/ Yoast SEO plugin. -->","yoast_head_json":{"title":"News - summetix","robots":{"index":"index","follow":"follow","max-snippet":"max-snippet:-1","max-image-preview":"max-image-preview:large","max-video-preview":"max-video-preview:-1"},"canonical":"https:\/\/www.summetix.com\/de\/nachrichten\/","og_locale":"de_DE","og_type":"article","og_title":"News - summetix","og_description":"NEXT GENERATION CUSTOMER INTELLIGENCE News Entdecken Sie verborgene Erkenntnisse in Kundenfeedback und komplexen qualitativen Daten. SUMMETIX verwendet propriet\u00e4res Argument Mining und gro\u00dfe Sprachmodelle, um Muster und Trends zu entdecken, die Ihr Gesch\u00e4ft ver\u00e4ndern werden. Demo anfordern","og_url":"https:\/\/www.summetix.com\/de\/nachrichten\/","og_site_name":"summetix","article_modified_time":"2024-05-23T16:02:10+00:00","schema":{"@context":"https:\/\/schema.org","@graph":[{"@type":"WebPage","@id":"https:\/\/www.summetix.com\/de\/nachrichten\/","url":"https:\/\/www.summetix.com\/de\/nachrichten\/","name":"News - summetix","isPartOf":{"@id":"https:\/\/www.summetix.com\/de\/#website"},"datePublished":"2024-01-12T15:05:49+00:00","dateModified":"2024-05-23T16:02:10+00:00","breadcrumb":{"@id":"https:\/\/www.summetix.com\/de\/nachrichten\/#breadcrumb"},"inLanguage":"de","potentialAction":[{"@type":"ReadAction","target":["https:\/\/www.summetix.com\/de\/nachrichten\/"]}]},{"@type":"BreadcrumbList","@id":"https:\/\/www.summetix.com\/de\/nachrichten\/#breadcrumb","itemListElement":[{"@type":"ListItem","position":1,"name":"Home","item":"https:\/\/www.summetix.com\/de\/"},{"@type":"ListItem","position":2,"name":"News"}]},{"@type":"WebSite","@id":"https:\/\/www.summetix.com\/de\/#website","url":"https:\/\/www.summetix.com\/de\/","name":"summetix","description":"Discover hidden insights in customer feedback and complex qualitative data. summetix uses proprietary Argument Mining and large language models to discover patterns and trends that help your business save and make money.","publisher":{"@id":"https:\/\/www.summetix.com\/de\/#organization"},"potentialAction":[{"@type":"SearchAction","target":{"@type":"EntryPoint","urlTemplate":"https:\/\/www.summetix.com\/de\/?s={search_term_string}"},"query-input":{"@type":"PropertyValueSpecification","valueRequired":true,"valueName":"search_term_string"}}],"inLanguage":"de"},{"@type":"Organization","@id":"https:\/\/www.summetix.com\/de\/#organization","name":"summetix","url":"https:\/\/www.summetix.com\/de\/","logo":{"@type":"ImageObject","inLanguage":"de","@id":"https:\/\/www.summetix.com\/de\/#\/schema\/logo\/image\/","url":"https:\/\/www.summetix.com\/wp-content\/uploads\/2023\/12\/summetix_smooth_text.png","contentUrl":"https:\/\/www.summetix.com\/wp-content\/uploads\/2023\/12\/summetix_smooth_text.png","width":2000,"height":304,"caption":"summetix"},"image":{"@id":"https:\/\/www.summetix.com\/de\/#\/schema\/logo\/image\/"}}]}},"_links":{"self":[{"href":"https:\/\/www.summetix.com\/de\/wp-json\/wp\/v2\/pages\/5066","targetHints":{"allow":["GET"]}}],"collection":[{"href":"https:\/\/www.summetix.com\/de\/wp-json\/wp\/v2\/pages"}],"about":[{"href":"https:\/\/www.summetix.com\/de\/wp-json\/wp\/v2\/types\/page"}],"author":[{"embeddable":true,"href":"https:\/\/www.summetix.com\/de\/wp-json\/wp\/v2\/users\/1"}],"replies":[{"embeddable":true,"href":"https:\/\/www.summetix.com\/de\/wp-json\/wp\/v2\/comments?post=5066"}],"version-history":[{"count":9,"href":"https:\/\/www.summetix.com\/de\/wp-json\/wp\/v2\/pages\/5066\/revisions"}],"predecessor-version":[{"id":5325,"href":"https:\/\/www.summetix.com\/de\/wp-json\/wp\/v2\/pages\/5066\/revisions\/5325"}],"wp:attachment":[{"href":"https:\/\/www.summetix.com\/de\/wp-json\/wp\/v2\/media?parent=5066"}],"curies":[{"name":"wp","href":"https:\/\/api.w.org\/{rel}","templated":true}]}}