{"id":5092,"date":"2024-02-07T18:36:40","date_gmt":"2024-02-07T18:36:40","guid":{"rendered":"https:\/\/www.summetix.com\/demo\/"},"modified":"2024-05-15T09:44:11","modified_gmt":"2024-05-15T09:44:11","slug":"demo","status":"publish","type":"page","link":"https:\/\/www.summetix.com\/de\/demo\/","title":{"rendered":"DEMO"},"content":{"rendered":"\t\t<div data-elementor-type=\"wp-page\" data-elementor-id=\"5092\" class=\"elementor elementor-5092 elementor-2348\" data-elementor-post-type=\"page\">\n\t\t\t\t<div class=\"elementor-element elementor-element-dca020 e-con-full e-flex e-con e-parent\" data-id=\"dca020\" data-element_type=\"container\" data-e-type=\"container\" data-settings=\"{&quot;background_background&quot;:&quot;classic&quot;,&quot;shape_divider_bottom&quot;:&quot;opacity-tilt&quot;}\">\n\t\t\t\t<div class=\"elementor-shape elementor-shape-bottom\" aria-hidden=\"true\" data-negative=\"false\">\n\t\t\t<svg xmlns=\"http:\/\/www.w3.org\/2000\/svg\" viewBox=\"0 0 2600 131.1\" preserveAspectRatio=\"none\">\n\t<path class=\"elementor-shape-fill\" d=\"M0 0L2600 0 2600 69.1 0 0z\"\/>\n\t<path class=\"elementor-shape-fill\" style=\"opacity:0.5\" d=\"M0 0L2600 0 2600 69.1 0 69.1z\"\/>\n\t<path class=\"elementor-shape-fill\" style=\"opacity:0.25\" d=\"M2600 0L0 0 0 130.1 2600 69.1z\"\/>\n<\/svg>\t\t<\/div>\n\t\t<div class=\"elementor-element elementor-element-67019996 e-con-full e-flex e-con e-child\" data-id=\"67019996\" data-element_type=\"container\" data-e-type=\"container\">\n\t\t\t\t<div class=\"elementor-element elementor-element-38910859 elementor-widget elementor-widget-heading\" data-id=\"38910859\" data-element_type=\"widget\" data-e-type=\"widget\" data-widget_type=\"heading.default\">\n\t\t\t\t<div class=\"elementor-widget-container\">\n\t\t\t\t\t<h3 class=\"elementor-heading-title elementor-size-default\">KUNDENINFORMATIONEN DER N\u00c4CHSTEN GENERATION<\/h3>\t\t\t\t<\/div>\n\t\t\t\t<\/div>\n\t\t\t\t<div class=\"elementor-element elementor-element-75987cb9 elementor-invisible elementor-widget elementor-widget-heading\" data-id=\"75987cb9\" data-element_type=\"widget\" data-e-type=\"widget\" data-settings=\"{&quot;_animation&quot;:&quot;zoomIn&quot;}\" data-widget_type=\"heading.default\">\n\t\t\t\t<div class=\"elementor-widget-container\">\n\t\t\t\t\t<h1 class=\"elementor-heading-title elementor-size-default\">DEMO<\/h1>\t\t\t\t<\/div>\n\t\t\t\t<\/div>\n\t\t\t\t<div class=\"elementor-element elementor-element-998571b elementor-widget__width-initial elementor-widget elementor-widget-text-editor\" data-id=\"998571b\" data-element_type=\"widget\" data-e-type=\"widget\" data-widget_type=\"text-editor.default\">\n\t\t\t\t<div class=\"elementor-widget-container\">\n\t\t\t\t\t\t\t\t\t<p style=\"text-align: center;\">Entdecken Sie verborgene Erkenntnisse in <strong>Kundenfeedback<\/strong> und komplexen qualitativen Daten. SUMMETIX verwendet propriet\u00e4res <strong>Argument Mining<\/strong> und gro\u00dfe Sprachmodelle, um Muster und<strong> Trends <\/strong>zu entdecken, die Ihr Gesch\u00e4ft ver\u00e4ndern k\u00f6nnen.<\/p>\n\t\t\t\t\t\t\t\t<\/div>\n\t\t\t\t<\/div>\n\t\t\t\t<\/div>\n\t\t\t\t<\/div>\n\t\t<div class=\"elementor-element elementor-element-73dfa172 e-flex e-con-boxed e-con e-parent\" data-id=\"73dfa172\" data-element_type=\"container\" data-e-type=\"container\" data-settings=\"{&quot;background_background&quot;:&quot;classic&quot;}\">\n\t\t\t\t\t<div class=\"e-con-inner\">\n\t\t<div class=\"elementor-element elementor-element-7fa956f1 e-con-full e-flex e-con e-child\" data-id=\"7fa956f1\" data-element_type=\"container\" data-e-type=\"container\">\n\t\t\t\t<div class=\"elementor-element elementor-element-35be21fd elementor-widget elementor-widget-spacer\" data-id=\"35be21fd\" data-element_type=\"widget\" data-e-type=\"widget\" data-widget_type=\"spacer.default\">\n\t\t\t\t<div class=\"elementor-widget-container\">\n\t\t\t\t\t\t\t<div class=\"elementor-spacer\">\n\t\t\t<div class=\"elementor-spacer-inner\"><\/div>\n\t\t<\/div>\n\t\t\t\t\t\t<\/div>\n\t\t\t\t<\/div>\n\t\t\t\t<div class=\"elementor-element elementor-element-885e44 elementor-widget elementor-widget-heading\" data-id=\"885e44\" data-element_type=\"widget\" data-e-type=\"widget\" data-widget_type=\"heading.default\">\n\t\t\t\t<div class=\"elementor-widget-container\">\n\t\t\t\t\t<h2 class=\"elementor-heading-title elementor-size-default\">Jetzt beginnen\nmit Ihrer pers\u00f6nlichen Demoversion<\/h2>\t\t\t\t<\/div>\n\t\t\t\t<\/div>\n\t\t\t\t<div class=\"elementor-element elementor-element-1f24250b elementor-widget elementor-widget-text-editor\" data-id=\"1f24250b\" data-element_type=\"widget\" data-e-type=\"widget\" data-widget_type=\"text-editor.default\">\n\t\t\t\t<div class=\"elementor-widget-container\">\n\t\t\t\t\t\t\t\t\t<p>F\u00fcllen Sie das Formular aus, um sich einen \u00dcberblick \u00fcber die SUMMETIX-Plattform zu verschaffen. Wir zeigen Ihnen, wie Sie SUMMETIX nutzen k\u00f6nnen, um Ihre Kunden- und Produkterfahrungen in Ihrem Unternehmen zu verbessern und zu erneuern.<\/p>\n\t\t\t\t\t\t\t\t<\/div>\n\t\t\t\t<\/div>\n\t\t\t\t<\/div>\n\t\t<div class=\"elementor-element elementor-element-5fb5c3e9 e-con-full e-flex e-con e-child\" data-id=\"5fb5c3e9\" data-element_type=\"container\" data-e-type=\"container\">\n\t\t\t\t<div class=\"elementor-element elementor-element-43c6ed58 elementor-widget__width-initial elementor-widget elementor-widget-hubspot-form\" data-id=\"43c6ed58\" data-element_type=\"widget\" data-e-type=\"widget\" data-widget_type=\"hubspot-form.default\">\n\t\t\t\t<div class=\"elementor-widget-container\">\n\t\t\t\t\t\n\t\t\t\t\t\t<script>\n\t\t\t\t\t\t\twindow.hsFormsOnReady = window.hsFormsOnReady || [];\n\t\t\t\t\t\t\twindow.hsFormsOnReady.push(()=>{\n\t\t\t\t\t\t\t\thbspt.forms.create({\n\t\t\t\t\t\t\t\t\tportalId: 25591490,\n\t\t\t\t\t\t\t\t\tformId: \"868c0a1d-4c70-4514-940c-277aec59a094\",\n\t\t\t\t\t\t\t\t\ttarget: \"#hbspt-form-1778031379000-9367052210\",\n\t\t\t\t\t\t\t\t\tregion: \"eu1\",\n\t\t\t\t\t\t\t\t\t\n\t\t\t\t\t\t\t})});\n\t\t\t\t\t\t<\/script>\n\t\t\t\t\t\t<div class=\"hbspt-form\" id=\"hbspt-form-1778031379000-9367052210\"><\/div>\t\t\t\t<\/div>\n\t\t\t\t<\/div>\n\t\t\t\t<\/div>\n\t\t\t\t\t<\/div>\n\t\t\t\t<\/div>\n\t\t<div class=\"elementor-element elementor-element-89be057 e-flex e-con-boxed e-con e-parent\" data-id=\"89be057\" data-element_type=\"container\" data-e-type=\"container\" data-settings=\"{&quot;background_background&quot;:&quot;classic&quot;,&quot;shape_divider_bottom&quot;:&quot;tilt&quot;}\">\n\t\t\t\t\t<div class=\"e-con-inner\">\n\t\t\t\t<div class=\"elementor-shape elementor-shape-bottom\" aria-hidden=\"true\" data-negative=\"false\">\n\t\t\t<svg xmlns=\"http:\/\/www.w3.org\/2000\/svg\" viewBox=\"0 0 1000 100\" preserveAspectRatio=\"none\">\n\t<path class=\"elementor-shape-fill\" d=\"M0,6V0h1000v100L0,6z\"\/>\n<\/svg>\t\t<\/div>\n\t\t<div class=\"elementor-element elementor-element-c6238c0 e-flex e-con-boxed e-con e-child\" data-id=\"c6238c0\" data-element_type=\"container\" data-e-type=\"container\">\n\t\t\t\t\t<div class=\"e-con-inner\">\n\t\t<div class=\"elementor-element elementor-element-1a6461a e-con-full e-flex e-con e-child\" data-id=\"1a6461a\" data-element_type=\"container\" data-e-type=\"container\">\n\t\t\t\t<div class=\"elementor-element elementor-element-051051b elementor-widget elementor-widget-heading\" data-id=\"051051b\" data-element_type=\"widget\" data-e-type=\"widget\" data-widget_type=\"heading.default\">\n\t\t\t\t<div class=\"elementor-widget-container\">\n\t\t\t\t\t<h2 class=\"elementor-heading-title elementor-size-default\">Treffen Sie uns in Frankfurt<\/h2>\t\t\t\t<\/div>\n\t\t\t\t<\/div>\n\t\t\t\t<div class=\"elementor-element elementor-element-1f95120 elementor-widget__width-initial elementor-widget elementor-widget-html\" data-id=\"1f95120\" data-element_type=\"widget\" data-e-type=\"widget\" data-widget_type=\"html.default\">\n\t\t\t\t<div class=\"elementor-widget-container\">\n\t\t\t\t\t<!-- Calendly inline widget begin -->\n<div class=\"calendly-inline-widget\" data-url=\"https:\/\/calendly.com\/kaiser-ak8\/meeting-with-erik-kaiser\" style=\"min-width:320px;height:700px;\"><\/div>\n<script type=\"text\/javascript\" src=\"https:\/\/assets.calendly.com\/assets\/external\/widget.js\" async=\"\"><\/script>\n<!-- Calendly inline widget end -->\n\t\t\t\t<\/div>\n\t\t\t\t<\/div>\n\t\t\t\t<\/div>\n\t\t<div class=\"elementor-element elementor-element-4f672ea e-con-full e-flex e-con e-child\" data-id=\"4f672ea\" data-element_type=\"container\" data-e-type=\"container\">\n\t\t\t\t<div class=\"elementor-element elementor-element-3a5b4cd elementor-widget elementor-widget-heading\" data-id=\"3a5b4cd\" data-element_type=\"widget\" data-e-type=\"widget\" data-widget_type=\"heading.default\">\n\t\t\t\t<div class=\"elementor-widget-container\">\n\t\t\t\t\t<h2 class=\"elementor-heading-title elementor-size-default\">Treffen Sie uns in London<\/h2>\t\t\t\t<\/div>\n\t\t\t\t<\/div>\n\t\t\t\t<div class=\"elementor-element elementor-element-2ed3f2b elementor-widget__width-initial elementor-widget elementor-widget-html\" data-id=\"2ed3f2b\" data-element_type=\"widget\" data-e-type=\"widget\" data-widget_type=\"html.default\">\n\t\t\t\t<div class=\"elementor-widget-container\">\n\t\t\t\t\t<!-- Calendly inline widget begin -->\n<div class=\"calendly-inline-widget\" data-url=\"https:\/\/calendly.com\/kaiser-ak8\/meeting-with-erik-kaiser\" style=\"min-width:320px;height:700px;\"><\/div>\n<script type=\"text\/javascript\" src=\"https:\/\/assets.calendly.com\/assets\/external\/widget.js\" async=\"\"><\/script>\n<!-- Calendly inline widget end -->\n\t\t\t\t<\/div>\n\t\t\t\t<\/div>\n\t\t\t\t<\/div>\n\t\t\t\t\t<\/div>\n\t\t\t\t<\/div>\n\t\t\t\t\t<\/div>\n\t\t\t\t<\/div>\n\t\t\t\t<\/div>\n\t\t","protected":false},"excerpt":{"rendered":"<p>KUNDENINFORMATIONEN DER N\u00c4CHSTEN GENERATION DEMO Entdecken Sie verborgene Erkenntnisse in Kundenfeedback und komplexen qualitativen Daten. SUMMETIX verwendet propriet\u00e4res Argument Mining und gro\u00dfe Sprachmodelle, um Muster und Trends zu entdecken, die Ihr Gesch\u00e4ft ver\u00e4ndern k\u00f6nnen. Jetzt beginnen mit Ihrer pers\u00f6nlichen Demoversion F\u00fcllen Sie das Formular aus, um sich einen \u00dcberblick \u00fcber die SUMMETIX-Plattform zu verschaffen. Wir [&hellip;]<\/p>\n","protected":false},"author":6,"featured_media":0,"parent":0,"menu_order":0,"comment_status":"closed","ping_status":"closed","template":"","meta":{"content-type":"","footnotes":""},"class_list":["post-5092","page","type-page","status-publish","hentry"],"yoast_head":"<!-- This site is optimized with the Yoast SEO plugin v27.4 - https:\/\/yoast.com\/product\/yoast-seo-wordpress\/ -->\n<title>DEMO - summetix<\/title>\n<meta name=\"robots\" content=\"index, follow, max-snippet:-1, max-image-preview:large, max-video-preview:-1\" \/>\n<link rel=\"canonical\" href=\"https:\/\/www.summetix.com\/de\/demo\/\" \/>\n<meta property=\"og:locale\" content=\"de_DE\" \/>\n<meta property=\"og:type\" content=\"article\" \/>\n<meta property=\"og:title\" content=\"DEMO - summetix\" \/>\n<meta property=\"og:description\" content=\"KUNDENINFORMATIONEN DER N\u00c4CHSTEN GENERATION DEMO Entdecken Sie verborgene Erkenntnisse in Kundenfeedback und komplexen qualitativen Daten. SUMMETIX verwendet propriet\u00e4res Argument Mining und gro\u00dfe Sprachmodelle, um Muster und Trends zu entdecken, die Ihr Gesch\u00e4ft ver\u00e4ndern k\u00f6nnen. Jetzt beginnen mit Ihrer pers\u00f6nlichen Demoversion F\u00fcllen Sie das Formular aus, um sich einen \u00dcberblick \u00fcber die SUMMETIX-Plattform zu verschaffen. Wir [&hellip;]\" \/>\n<meta property=\"og:url\" content=\"https:\/\/www.summetix.com\/de\/demo\/\" \/>\n<meta property=\"og:site_name\" content=\"summetix\" \/>\n<meta property=\"article:modified_time\" content=\"2024-05-15T09:44:11+00:00\" \/>\n<script type=\"application\/ld+json\" class=\"yoast-schema-graph\">{\"@context\":\"https:\\\/\\\/schema.org\",\"@graph\":[{\"@type\":\"WebPage\",\"@id\":\"https:\\\/\\\/www.summetix.com\\\/de\\\/demo\\\/\",\"url\":\"https:\\\/\\\/www.summetix.com\\\/de\\\/demo\\\/\",\"name\":\"DEMO - summetix\",\"isPartOf\":{\"@id\":\"https:\\\/\\\/summetix.com\\\/#website\"},\"datePublished\":\"2024-02-07T18:36:40+00:00\",\"dateModified\":\"2024-05-15T09:44:11+00:00\",\"breadcrumb\":{\"@id\":\"https:\\\/\\\/www.summetix.com\\\/de\\\/demo\\\/#breadcrumb\"},\"inLanguage\":\"de\",\"potentialAction\":[{\"@type\":\"ReadAction\",\"target\":[\"https:\\\/\\\/www.summetix.com\\\/de\\\/demo\\\/\"]}]},{\"@type\":\"BreadcrumbList\",\"@id\":\"https:\\\/\\\/www.summetix.com\\\/de\\\/demo\\\/#breadcrumb\",\"itemListElement\":[{\"@type\":\"ListItem\",\"position\":1,\"name\":\"Home\",\"item\":\"https:\\\/\\\/www.summetix.com\\\/de\\\/\"},{\"@type\":\"ListItem\",\"position\":2,\"name\":\"DEMO\"}]},{\"@type\":\"WebSite\",\"@id\":\"https:\\\/\\\/summetix.com\\\/#website\",\"url\":\"https:\\\/\\\/summetix.com\\\/\",\"name\":\"summetix\",\"description\":\"Discover hidden insights in customer feedback and complex qualitative data. summetix uses proprietary Argument Mining and large language models to discover patterns and trends that help your business save and make money.\",\"publisher\":{\"@id\":\"https:\\\/\\\/summetix.com\\\/#organization\"},\"potentialAction\":[{\"@type\":\"SearchAction\",\"target\":{\"@type\":\"EntryPoint\",\"urlTemplate\":\"https:\\\/\\\/summetix.com\\\/?s={search_term_string}\"},\"query-input\":{\"@type\":\"PropertyValueSpecification\",\"valueRequired\":true,\"valueName\":\"search_term_string\"}}],\"inLanguage\":\"de\"},{\"@type\":\"Organization\",\"@id\":\"https:\\\/\\\/summetix.com\\\/#organization\",\"name\":\"summetix\",\"url\":\"https:\\\/\\\/summetix.com\\\/\",\"logo\":{\"@type\":\"ImageObject\",\"inLanguage\":\"de\",\"@id\":\"https:\\\/\\\/summetix.com\\\/#\\\/schema\\\/logo\\\/image\\\/\",\"url\":\"https:\\\/\\\/www.summetix.com\\\/wp-content\\\/uploads\\\/2023\\\/12\\\/summetix_smooth_text.png\",\"contentUrl\":\"https:\\\/\\\/www.summetix.com\\\/wp-content\\\/uploads\\\/2023\\\/12\\\/summetix_smooth_text.png\",\"width\":2000,\"height\":304,\"caption\":\"summetix\"},\"image\":{\"@id\":\"https:\\\/\\\/summetix.com\\\/#\\\/schema\\\/logo\\\/image\\\/\"}}]}<\/script>\n<!-- \/ Yoast SEO plugin. -->","yoast_head_json":{"title":"DEMO - summetix","robots":{"index":"index","follow":"follow","max-snippet":"max-snippet:-1","max-image-preview":"max-image-preview:large","max-video-preview":"max-video-preview:-1"},"canonical":"https:\/\/www.summetix.com\/de\/demo\/","og_locale":"de_DE","og_type":"article","og_title":"DEMO - summetix","og_description":"KUNDENINFORMATIONEN DER N\u00c4CHSTEN GENERATION DEMO Entdecken Sie verborgene Erkenntnisse in Kundenfeedback und komplexen qualitativen Daten. SUMMETIX verwendet propriet\u00e4res Argument Mining und gro\u00dfe Sprachmodelle, um Muster und Trends zu entdecken, die Ihr Gesch\u00e4ft ver\u00e4ndern k\u00f6nnen. Jetzt beginnen mit Ihrer pers\u00f6nlichen Demoversion F\u00fcllen Sie das Formular aus, um sich einen \u00dcberblick \u00fcber die SUMMETIX-Plattform zu verschaffen. Wir [&hellip;]","og_url":"https:\/\/www.summetix.com\/de\/demo\/","og_site_name":"summetix","article_modified_time":"2024-05-15T09:44:11+00:00","schema":{"@context":"https:\/\/schema.org","@graph":[{"@type":"WebPage","@id":"https:\/\/www.summetix.com\/de\/demo\/","url":"https:\/\/www.summetix.com\/de\/demo\/","name":"DEMO - summetix","isPartOf":{"@id":"https:\/\/summetix.com\/#website"},"datePublished":"2024-02-07T18:36:40+00:00","dateModified":"2024-05-15T09:44:11+00:00","breadcrumb":{"@id":"https:\/\/www.summetix.com\/de\/demo\/#breadcrumb"},"inLanguage":"de","potentialAction":[{"@type":"ReadAction","target":["https:\/\/www.summetix.com\/de\/demo\/"]}]},{"@type":"BreadcrumbList","@id":"https:\/\/www.summetix.com\/de\/demo\/#breadcrumb","itemListElement":[{"@type":"ListItem","position":1,"name":"Home","item":"https:\/\/www.summetix.com\/de\/"},{"@type":"ListItem","position":2,"name":"DEMO"}]},{"@type":"WebSite","@id":"https:\/\/summetix.com\/#website","url":"https:\/\/summetix.com\/","name":"summetix","description":"Discover hidden insights in customer feedback and complex qualitative data. summetix uses proprietary Argument Mining and large language models to discover patterns and trends that help your business save and make money.","publisher":{"@id":"https:\/\/summetix.com\/#organization"},"potentialAction":[{"@type":"SearchAction","target":{"@type":"EntryPoint","urlTemplate":"https:\/\/summetix.com\/?s={search_term_string}"},"query-input":{"@type":"PropertyValueSpecification","valueRequired":true,"valueName":"search_term_string"}}],"inLanguage":"de"},{"@type":"Organization","@id":"https:\/\/summetix.com\/#organization","name":"summetix","url":"https:\/\/summetix.com\/","logo":{"@type":"ImageObject","inLanguage":"de","@id":"https:\/\/summetix.com\/#\/schema\/logo\/image\/","url":"https:\/\/www.summetix.com\/wp-content\/uploads\/2023\/12\/summetix_smooth_text.png","contentUrl":"https:\/\/www.summetix.com\/wp-content\/uploads\/2023\/12\/summetix_smooth_text.png","width":2000,"height":304,"caption":"summetix"},"image":{"@id":"https:\/\/summetix.com\/#\/schema\/logo\/image\/"}}]}},"_links":{"self":[{"href":"https:\/\/www.summetix.com\/de\/wp-json\/wp\/v2\/pages\/5092","targetHints":{"allow":["GET"]}}],"collection":[{"href":"https:\/\/www.summetix.com\/de\/wp-json\/wp\/v2\/pages"}],"about":[{"href":"https:\/\/www.summetix.com\/de\/wp-json\/wp\/v2\/types\/page"}],"author":[{"embeddable":true,"href":"https:\/\/www.summetix.com\/de\/wp-json\/wp\/v2\/users\/6"}],"replies":[{"embeddable":true,"href":"https:\/\/www.summetix.com\/de\/wp-json\/wp\/v2\/comments?post=5092"}],"version-history":[{"count":2,"href":"https:\/\/www.summetix.com\/de\/wp-json\/wp\/v2\/pages\/5092\/revisions"}],"predecessor-version":[{"id":5101,"href":"https:\/\/www.summetix.com\/de\/wp-json\/wp\/v2\/pages\/5092\/revisions\/5101"}],"wp:attachment":[{"href":"https:\/\/www.summetix.com\/de\/wp-json\/wp\/v2\/media?parent=5092"}],"curies":[{"name":"wp","href":"https:\/\/api.w.org\/{rel}","templated":true}]}}