{"id":5121,"date":"2024-02-07T11:46:23","date_gmt":"2024-02-07T11:46:23","guid":{"rendered":"https:\/\/www.summetix.com\/technologie\/"},"modified":"2025-11-28T14:31:15","modified_gmt":"2025-11-28T14:31:15","slug":"technologie","status":"publish","type":"page","link":"https:\/\/www.summetix.com\/de\/technologie\/","title":{"rendered":"Technologie"},"content":{"rendered":"\t\t<div data-elementor-type=\"wp-page\" data-elementor-id=\"5121\" class=\"elementor elementor-5121 elementor-2195\" data-elementor-post-type=\"page\">\n\t\t\t\t<div class=\"elementor-element elementor-element-5a1adb0c e-con-full e-flex e-con e-parent\" data-id=\"5a1adb0c\" data-element_type=\"container\" data-e-type=\"container\" data-settings=\"{&quot;background_background&quot;:&quot;classic&quot;,&quot;shape_divider_bottom&quot;:&quot;opacity-tilt&quot;}\">\n\t\t\t\t<div class=\"elementor-shape elementor-shape-bottom\" aria-hidden=\"true\" data-negative=\"false\">\n\t\t\t<svg xmlns=\"http:\/\/www.w3.org\/2000\/svg\" viewBox=\"0 0 2600 131.1\" preserveAspectRatio=\"none\">\n\t<path class=\"elementor-shape-fill\" d=\"M0 0L2600 0 2600 69.1 0 0z\"\/>\n\t<path class=\"elementor-shape-fill\" style=\"opacity:0.5\" d=\"M0 0L2600 0 2600 69.1 0 69.1z\"\/>\n\t<path class=\"elementor-shape-fill\" style=\"opacity:0.25\" d=\"M2600 0L0 0 0 130.1 2600 69.1z\"\/>\n<\/svg>\t\t<\/div>\n\t\t<div class=\"elementor-element elementor-element-643d033 e-con-full e-flex e-con e-child\" data-id=\"643d033\" data-element_type=\"container\" data-e-type=\"container\">\n\t\t\t\t<div class=\"elementor-element elementor-element-18422f7a elementor-widget elementor-widget-heading\" data-id=\"18422f7a\" data-element_type=\"widget\" data-e-type=\"widget\" data-widget_type=\"heading.default\">\n\t\t\t\t<div class=\"elementor-widget-container\">\n\t\t\t\t\t<h3 class=\"elementor-heading-title elementor-size-default\">KUNDENINFORMATIONEN DER N\u00c4CHSTEN GENERATION<\/h3>\t\t\t\t<\/div>\n\t\t\t\t<\/div>\n\t\t\t\t<div class=\"elementor-element elementor-element-305da44f elementor-invisible elementor-widget elementor-widget-heading\" data-id=\"305da44f\" data-element_type=\"widget\" data-e-type=\"widget\" data-settings=\"{&quot;_animation&quot;:&quot;zoomIn&quot;}\" data-widget_type=\"heading.default\">\n\t\t\t\t<div class=\"elementor-widget-container\">\n\t\t\t\t\t<h1 class=\"elementor-heading-title elementor-size-default\">Technologie<\/h1>\t\t\t\t<\/div>\n\t\t\t\t<\/div>\n\t\t\t\t<div class=\"elementor-element elementor-element-2e7ea575 elementor-widget__width-initial elementor-widget elementor-widget-text-editor\" data-id=\"2e7ea575\" data-element_type=\"widget\" data-e-type=\"widget\" data-widget_type=\"text-editor.default\">\n\t\t\t\t<div class=\"elementor-widget-container\">\n\t\t\t\t\t\t\t\t\t<p style=\"text-align: center;\">Entdecken Sie verborgene Erkenntnisse in <strong>Kundenfeedback<\/strong> und komplexen qualitativen Daten. SUMMETIX verwendet propriet\u00e4res <strong>Argument Mining<\/strong> und gro\u00dfe Sprachmodelle, um Muster und<strong> Trends <\/strong>zu entdecken, die Ihr Gesch\u00e4ft ver\u00e4ndern werden.<\/p>\n\t\t\t\t\t\t\t\t<\/div>\n\t\t\t\t<\/div>\n\t\t\t\t<\/div>\n\t\t<div class=\"elementor-element elementor-element-8fb9110 e-flex e-con-boxed e-con e-child\" data-id=\"8fb9110\" data-element_type=\"container\" data-e-type=\"container\" data-settings=\"{&quot;background_background&quot;:&quot;classic&quot;}\">\n\t\t\t\t\t<div class=\"e-con-inner\">\n\t\t\t\t<div class=\"elementor-element elementor-element-61326359 elementor-widget elementor-widget-button\" data-id=\"61326359\" data-element_type=\"widget\" data-e-type=\"widget\" data-widget_type=\"button.default\">\n\t\t\t\t<div class=\"elementor-widget-container\">\n\t\t\t\t\t\t\t\t\t<div class=\"elementor-button-wrapper\">\n\t\t\t\t\t<a class=\"elementor-button elementor-button-link elementor-size-xl\" href=\"https:\/\/www.summetix.com\/de\/?page_id=5092\">\n\t\t\t\t\t\t<span class=\"elementor-button-content-wrapper\">\n\t\t\t\t\t\t\t\t\t<span class=\"elementor-button-text\">Demo anfordern<\/span>\n\t\t\t\t\t<\/span>\n\t\t\t\t\t<\/a>\n\t\t\t\t<\/div>\n\t\t\t\t\t\t\t\t<\/div>\n\t\t\t\t<\/div>\n\t\t\t\t\t<\/div>\n\t\t\t\t<\/div>\n\t\t\t\t<\/div>\n\t\t<div class=\"elementor-element elementor-element-ed4940a e-flex e-con-boxed e-con e-parent\" data-id=\"ed4940a\" data-element_type=\"container\" data-e-type=\"container\">\n\t\t\t\t\t<div class=\"e-con-inner\">\n\t\t\t\t<div class=\"elementor-element elementor-element-a110e45 elementor-widget elementor-widget-spacer\" data-id=\"a110e45\" data-element_type=\"widget\" data-e-type=\"widget\" data-widget_type=\"spacer.default\">\n\t\t\t\t<div class=\"elementor-widget-container\">\n\t\t\t\t\t\t\t<div class=\"elementor-spacer\">\n\t\t\t<div class=\"elementor-spacer-inner\"><\/div>\n\t\t<\/div>\n\t\t\t\t\t\t<\/div>\n\t\t\t\t<\/div>\n\t\t\t\t\t<\/div>\n\t\t\t\t<\/div>\n\t\t<div class=\"elementor-element elementor-element-77476ca e-flex e-con-boxed e-con e-parent\" data-id=\"77476ca\" data-element_type=\"container\" data-e-type=\"container\">\n\t\t\t\t\t<div class=\"e-con-inner\">\n\t\t<div class=\"elementor-element elementor-element-18cf74d e-con-full e-flex e-con e-child\" data-id=\"18cf74d\" data-element_type=\"container\" data-e-type=\"container\" data-settings=\"{&quot;background_background&quot;:&quot;classic&quot;}\">\n\t\t\t\t<div class=\"elementor-element elementor-element-dd1ba58 elementor-widget elementor-widget-text-editor\" data-id=\"dd1ba58\" data-element_type=\"widget\" data-e-type=\"widget\" data-widget_type=\"text-editor.default\">\n\t\t\t\t<div class=\"elementor-widget-container\">\n\t\t\t\t\t\t\t\t\t<p>summetix GmbH (fr\u00fcher bekannt als <strong>ArgumenText<\/strong>) ist ein Spin-off des <a href=\"https:\/\/www.informatik.tu-darmstadt.de\/ukp\/ukp_home\/index.en.jsp\"><b>Ubiquitous Knowledge Processing<\/b><\/a> (UKP) Labor an der Technischen Universit\u00e4t Darmstadt. Die Technologie hinter SUMMETIX basiert auf mehreren Jahren intensiver Forschung in verschiedenen Bereichen der <strong>nat\u00fcrlichen Sprachverarbeitung<\/strong>, des <strong>Deep Learning<\/strong> und des <strong>Argument Mining<\/strong>. Die Ergebnisse wurden in hochrangigen wissenschaftlichen Zeitschriften ver\u00f6ffentlicht. Nachfolgend finden Sie einen \u00dcberblick \u00fcber die wichtigsten Komponenten unseres Systems.<\/p>\t\t\t\t\t\t\t\t<\/div>\n\t\t\t\t<\/div>\n\t\t\t\t<\/div>\n\t\t\t\t\t<\/div>\n\t\t\t\t<\/div>\n\t\t<div class=\"elementor-element elementor-element-194540e e-flex e-con-boxed e-con e-parent\" data-id=\"194540e\" data-element_type=\"container\" data-e-type=\"container\">\n\t\t\t\t\t<div class=\"e-con-inner\">\n\t\t\t\t\t<\/div>\n\t\t\t\t<\/div>\n\t\t<div class=\"elementor-element elementor-element-42f2f68 e-flex e-con-boxed e-con e-parent\" data-id=\"42f2f68\" data-element_type=\"container\" data-e-type=\"container\">\n\t\t\t\t\t<div class=\"e-con-inner\">\n\t\t<div class=\"elementor-element elementor-element-e5f22b6 e-con-full e-flex e-con e-child\" data-id=\"e5f22b6\" data-element_type=\"container\" data-e-type=\"container\" data-settings=\"{&quot;background_background&quot;:&quot;classic&quot;,&quot;shape_divider_bottom&quot;:&quot;tilt&quot;}\">\n\t\t\t\t<div class=\"elementor-shape elementor-shape-bottom\" aria-hidden=\"true\" data-negative=\"false\">\n\t\t\t<svg xmlns=\"http:\/\/www.w3.org\/2000\/svg\" viewBox=\"0 0 1000 100\" preserveAspectRatio=\"none\">\n\t<path class=\"elementor-shape-fill\" d=\"M0,6V0h1000v100L0,6z\"\/>\n<\/svg>\t\t<\/div>\n\t\t<div class=\"elementor-element elementor-element-2282f6e e-con-full e-flex e-con e-child\" data-id=\"2282f6e\" data-element_type=\"container\" data-e-type=\"container\">\n\t\t\t\t<div class=\"elementor-element elementor-element-4d98e91 elementor-widget elementor-widget-image\" data-id=\"4d98e91\" data-element_type=\"widget\" data-e-type=\"widget\" data-widget_type=\"image.default\">\n\t\t\t\t<div class=\"elementor-widget-container\">\n\t\t\t\t\t\t\t\t\t\t\t\t\t\t\t<img decoding=\"async\" src=\"https:\/\/www.summetix.com\/wp-content\/uploads\/2024\/02\/dashboard.png\" title=\"\" alt=\"\" loading=\"lazy\" \/>\t\t\t\t\t\t\t\t\t\t\t\t\t\t\t<\/div>\n\t\t\t\t<\/div>\n\t\t\t\t<\/div>\n\t\t<div class=\"elementor-element elementor-element-cf685b4 e-con-full e-flex e-con e-child\" data-id=\"cf685b4\" data-element_type=\"container\" data-e-type=\"container\">\n\t\t\t\t<div class=\"elementor-element elementor-element-6c029bd elementor-widget elementor-widget-heading\" data-id=\"6c029bd\" data-element_type=\"widget\" data-e-type=\"widget\" data-widget_type=\"heading.default\">\n\t\t\t\t<div class=\"elementor-widget-container\">\n\t\t\t\t\t<h2 class=\"elementor-heading-title elementor-size-default\"><b>Unsere Forschung<\/b><\/h2>\t\t\t\t<\/div>\n\t\t\t\t<\/div>\n\t\t\t\t<div class=\"elementor-element elementor-element-78ae4d7 elementor-widget elementor-widget-text-editor\" data-id=\"78ae4d7\" data-element_type=\"widget\" data-e-type=\"widget\" data-widget_type=\"text-editor.default\">\n\t\t\t\t<div class=\"elementor-widget-container\">\n\t\t\t\t\t\t\t\t\t<p><strong>Extraktion von Argumenten<\/strong><\/p><ul><li><a href=\"https:\/\/aclanthology.org\/P19-1054\/\" target=\"_blank\" rel=\"noopener\">Klassifizierung und Clustering von Argumenten mit kontextualisierten Worteinbettungen<\/a><\/li><\/ul><ul><li><a href=\"https:\/\/aclanthology.org\/D18-1402\/\" target=\"_blank\" rel=\"noopener\">Themen\u00fcbergreifendes Argument Mining aus heterogenen Quellen<\/a><\/li><\/ul><ul><li><a href=\"https:\/\/link.springer.com\/article\/10.1007\/s13218-021-00714-w\" target=\"_blank\" rel=\"noopener\">Benchmark zur Standorterkennung: Wie zuverl\u00e4ssig ist Ihre Standorterkennung?<\/a><\/li><\/ul>\t\t\t\t\t\t\t\t<\/div>\n\t\t\t\t<\/div>\n\t\t\t\t<div class=\"elementor-element elementor-element-1dbd96b elementor-widget elementor-widget-text-editor\" data-id=\"1dbd96b\" data-element_type=\"widget\" data-e-type=\"widget\" data-widget_type=\"text-editor.default\">\n\t\t\t\t<div class=\"elementor-widget-container\">\n\t\t\t\t\t\t\t\t\t<p><strong>Argument-Clustering<\/strong><\/p><ul><li><a href=\"https:\/\/aclanthology.org\/2021.naacl-main.28\/\" target=\"_blank\" rel=\"noopener\">Augmented SBERT: Datenerweiterungsmethode zur Verbesserung von Bi-Codierern f\u00fcr paarweise Satzbewertungsaufgaben<\/a><\/li><\/ul><ul><li><a href=\"https:\/\/aclanthology.org\/2021.naacl-main.34\/\" target=\"_blank\" rel=\"noopener\">Aspektgesteuerte neuronale Argumentgenerierung<\/a><\/li><\/ul><ul><li><a href=\"https:\/\/tubiblio.ulb.tu-darmstadt.de\/113670\/\" target=\"_blank\" rel=\"noopener\">Klassifizierung und Clustering von Argumenten mit kontextualisierten Worteinbettungen<\/a><\/li><\/ul>\t\t\t\t\t\t\t\t<\/div>\n\t\t\t\t<\/div>\n\t\t\t\t<div class=\"elementor-element elementor-element-c66ca54 elementor-widget elementor-widget-text-editor\" data-id=\"c66ca54\" data-element_type=\"widget\" data-e-type=\"widget\" data-widget_type=\"text-editor.default\">\n\t\t\t\t<div class=\"elementor-widget-container\">\n\t\t\t\t\t\t\t\t\t<p><strong>\u00dcberwachung und Erkennung von Trends<\/strong><\/p><ul><li><a href=\"https:\/\/link.springer.com\/article\/10.1007\/s13222-020-00347-7\" target=\"_blank\" rel=\"noopener\">Klassifizierung und Clustering in einem verallgemeinerten Such-Szenario<\/a><\/li><\/ul>\t\t\t\t\t\t\t\t<\/div>\n\t\t\t\t<\/div>\n\t\t\t\t<div class=\"elementor-element elementor-element-4fdd592 elementor-widget elementor-widget-text-editor\" data-id=\"4fdd592\" data-element_type=\"widget\" data-e-type=\"widget\" data-widget_type=\"text-editor.default\">\n\t\t\t\t<div class=\"elementor-widget-container\">\n\t\t\t\t\t\t\t\t\t<p><strong>Verf\u00fcgbar f\u00fcr mehrere Sprachen<\/strong><\/p><ul><li><a href=\"https:\/\/aclanthology.org\/C18-1071\/\" target=\"_blank\" rel=\"noopener\">Sprach\u00fcbergreifendes Argumentation Mining: Maschinelle \u00dcbersetzung (und ein bisschen Projektion) ist alles, was Sie brauchen!<\/a><\/li><\/ul>\t\t\t\t\t\t\t\t<\/div>\n\t\t\t\t<\/div>\n\t\t\t\t<\/div>\n\t\t\t\t<\/div>\n\t\t\t\t\t<\/div>\n\t\t\t\t<\/div>\n\t\t\t\t<\/div>\n\t\t","protected":false},"excerpt":{"rendered":"<p>KUNDENINFORMATIONEN DER N\u00c4CHSTEN GENERATION Technologie Entdecken Sie verborgene Erkenntnisse in Kundenfeedback und komplexen qualitativen Daten. SUMMETIX verwendet propriet\u00e4res Argument Mining und gro\u00dfe Sprachmodelle, um Muster und Trends zu entdecken, die Ihr Gesch\u00e4ft ver\u00e4ndern werden. Demo anfordern summetix GmbH (fr\u00fcher bekannt als ArgumenText) ist ein Spin-off des Ubiquitous Knowledge Processing (UKP) Labor an der Technischen Universit\u00e4t [&hellip;]<\/p>\n","protected":false},"author":6,"featured_media":0,"parent":0,"menu_order":0,"comment_status":"closed","ping_status":"closed","template":"","meta":{"content-type":"","footnotes":""},"class_list":["post-5121","page","type-page","status-publish","hentry"],"yoast_head":"<!-- This site is optimized with the Yoast SEO plugin v27.4 - https:\/\/yoast.com\/product\/yoast-seo-wordpress\/ -->\n<title>Technologie - summetix<\/title>\n<meta name=\"robots\" content=\"index, follow, max-snippet:-1, max-image-preview:large, max-video-preview:-1\" \/>\n<link rel=\"canonical\" href=\"https:\/\/www.summetix.com\/de\/technologie\/\" \/>\n<meta property=\"og:locale\" content=\"de_DE\" \/>\n<meta property=\"og:type\" content=\"article\" \/>\n<meta property=\"og:title\" content=\"Technologie - summetix\" \/>\n<meta property=\"og:description\" content=\"KUNDENINFORMATIONEN DER N\u00c4CHSTEN GENERATION Technologie Entdecken Sie verborgene Erkenntnisse in Kundenfeedback und komplexen qualitativen Daten. SUMMETIX verwendet propriet\u00e4res Argument Mining und gro\u00dfe Sprachmodelle, um Muster und Trends zu entdecken, die Ihr Gesch\u00e4ft ver\u00e4ndern werden. Demo anfordern summetix GmbH (fr\u00fcher bekannt als ArgumenText) ist ein Spin-off des Ubiquitous Knowledge Processing (UKP) Labor an der Technischen Universit\u00e4t [&hellip;]\" \/>\n<meta property=\"og:url\" content=\"https:\/\/www.summetix.com\/de\/technologie\/\" \/>\n<meta property=\"og:site_name\" content=\"summetix\" \/>\n<meta property=\"article:modified_time\" content=\"2025-11-28T14:31:15+00:00\" \/>\n<meta property=\"og:image\" content=\"https:\/\/www.summetix.com\/wp-content\/uploads\/2024\/02\/dashboard.png\" \/>\n<meta name=\"twitter:label1\" content=\"Gesch\u00e4tzte Lesezeit\" \/>\n\t<meta name=\"twitter:data1\" content=\"2\u00a0Minuten\" \/>\n<script type=\"application\/ld+json\" class=\"yoast-schema-graph\">{\"@context\":\"https:\\\/\\\/schema.org\",\"@graph\":[{\"@type\":\"WebPage\",\"@id\":\"https:\\\/\\\/www.summetix.com\\\/de\\\/technologie\\\/\",\"url\":\"https:\\\/\\\/www.summetix.com\\\/de\\\/technologie\\\/\",\"name\":\"Technologie - summetix\",\"isPartOf\":{\"@id\":\"https:\\\/\\\/www.summetix.com\\\/de\\\/#website\"},\"primaryImageOfPage\":{\"@id\":\"https:\\\/\\\/www.summetix.com\\\/de\\\/technologie\\\/#primaryimage\"},\"image\":{\"@id\":\"https:\\\/\\\/www.summetix.com\\\/de\\\/technologie\\\/#primaryimage\"},\"thumbnailUrl\":\"https:\\\/\\\/www.summetix.com\\\/wp-content\\\/uploads\\\/2024\\\/02\\\/dashboard.png\",\"datePublished\":\"2024-02-07T11:46:23+00:00\",\"dateModified\":\"2025-11-28T14:31:15+00:00\",\"breadcrumb\":{\"@id\":\"https:\\\/\\\/www.summetix.com\\\/de\\\/technologie\\\/#breadcrumb\"},\"inLanguage\":\"de\",\"potentialAction\":[{\"@type\":\"ReadAction\",\"target\":[\"https:\\\/\\\/www.summetix.com\\\/de\\\/technologie\\\/\"]}]},{\"@type\":\"ImageObject\",\"inLanguage\":\"de\",\"@id\":\"https:\\\/\\\/www.summetix.com\\\/de\\\/technologie\\\/#primaryimage\",\"url\":\"https:\\\/\\\/www.summetix.com\\\/wp-content\\\/uploads\\\/2024\\\/02\\\/dashboard.png\",\"contentUrl\":\"https:\\\/\\\/www.summetix.com\\\/wp-content\\\/uploads\\\/2024\\\/02\\\/dashboard.png\"},{\"@type\":\"BreadcrumbList\",\"@id\":\"https:\\\/\\\/www.summetix.com\\\/de\\\/technologie\\\/#breadcrumb\",\"itemListElement\":[{\"@type\":\"ListItem\",\"position\":1,\"name\":\"Home\",\"item\":\"https:\\\/\\\/www.summetix.com\\\/de\\\/\"},{\"@type\":\"ListItem\",\"position\":2,\"name\":\"Technologie\"}]},{\"@type\":\"WebSite\",\"@id\":\"https:\\\/\\\/www.summetix.com\\\/de\\\/#website\",\"url\":\"https:\\\/\\\/www.summetix.com\\\/de\\\/\",\"name\":\"summetix\",\"description\":\"Discover hidden insights in customer feedback and complex qualitative data. summetix uses proprietary Argument Mining and large language models to discover patterns and trends that help your business save and make money.\",\"publisher\":{\"@id\":\"https:\\\/\\\/www.summetix.com\\\/de\\\/#organization\"},\"potentialAction\":[{\"@type\":\"SearchAction\",\"target\":{\"@type\":\"EntryPoint\",\"urlTemplate\":\"https:\\\/\\\/www.summetix.com\\\/de\\\/?s={search_term_string}\"},\"query-input\":{\"@type\":\"PropertyValueSpecification\",\"valueRequired\":true,\"valueName\":\"search_term_string\"}}],\"inLanguage\":\"de\"},{\"@type\":\"Organization\",\"@id\":\"https:\\\/\\\/www.summetix.com\\\/de\\\/#organization\",\"name\":\"summetix\",\"url\":\"https:\\\/\\\/www.summetix.com\\\/de\\\/\",\"logo\":{\"@type\":\"ImageObject\",\"inLanguage\":\"de\",\"@id\":\"https:\\\/\\\/www.summetix.com\\\/de\\\/#\\\/schema\\\/logo\\\/image\\\/\",\"url\":\"https:\\\/\\\/www.summetix.com\\\/wp-content\\\/uploads\\\/2023\\\/12\\\/summetix_smooth_text.png\",\"contentUrl\":\"https:\\\/\\\/www.summetix.com\\\/wp-content\\\/uploads\\\/2023\\\/12\\\/summetix_smooth_text.png\",\"width\":2000,\"height\":304,\"caption\":\"summetix\"},\"image\":{\"@id\":\"https:\\\/\\\/www.summetix.com\\\/de\\\/#\\\/schema\\\/logo\\\/image\\\/\"}}]}<\/script>\n<!-- \/ Yoast SEO plugin. -->","yoast_head_json":{"title":"Technologie - summetix","robots":{"index":"index","follow":"follow","max-snippet":"max-snippet:-1","max-image-preview":"max-image-preview:large","max-video-preview":"max-video-preview:-1"},"canonical":"https:\/\/www.summetix.com\/de\/technologie\/","og_locale":"de_DE","og_type":"article","og_title":"Technologie - summetix","og_description":"KUNDENINFORMATIONEN DER N\u00c4CHSTEN GENERATION Technologie Entdecken Sie verborgene Erkenntnisse in Kundenfeedback und komplexen qualitativen Daten. SUMMETIX verwendet propriet\u00e4res Argument Mining und gro\u00dfe Sprachmodelle, um Muster und Trends zu entdecken, die Ihr Gesch\u00e4ft ver\u00e4ndern werden. Demo anfordern summetix GmbH (fr\u00fcher bekannt als ArgumenText) ist ein Spin-off des Ubiquitous Knowledge Processing (UKP) Labor an der Technischen Universit\u00e4t [&hellip;]","og_url":"https:\/\/www.summetix.com\/de\/technologie\/","og_site_name":"summetix","article_modified_time":"2025-11-28T14:31:15+00:00","og_image":[{"url":"https:\/\/www.summetix.com\/wp-content\/uploads\/2024\/02\/dashboard.png","type":"","width":"","height":""}],"twitter_misc":{"Gesch\u00e4tzte Lesezeit":"2\u00a0Minuten"},"schema":{"@context":"https:\/\/schema.org","@graph":[{"@type":"WebPage","@id":"https:\/\/www.summetix.com\/de\/technologie\/","url":"https:\/\/www.summetix.com\/de\/technologie\/","name":"Technologie - summetix","isPartOf":{"@id":"https:\/\/www.summetix.com\/de\/#website"},"primaryImageOfPage":{"@id":"https:\/\/www.summetix.com\/de\/technologie\/#primaryimage"},"image":{"@id":"https:\/\/www.summetix.com\/de\/technologie\/#primaryimage"},"thumbnailUrl":"https:\/\/www.summetix.com\/wp-content\/uploads\/2024\/02\/dashboard.png","datePublished":"2024-02-07T11:46:23+00:00","dateModified":"2025-11-28T14:31:15+00:00","breadcrumb":{"@id":"https:\/\/www.summetix.com\/de\/technologie\/#breadcrumb"},"inLanguage":"de","potentialAction":[{"@type":"ReadAction","target":["https:\/\/www.summetix.com\/de\/technologie\/"]}]},{"@type":"ImageObject","inLanguage":"de","@id":"https:\/\/www.summetix.com\/de\/technologie\/#primaryimage","url":"https:\/\/www.summetix.com\/wp-content\/uploads\/2024\/02\/dashboard.png","contentUrl":"https:\/\/www.summetix.com\/wp-content\/uploads\/2024\/02\/dashboard.png"},{"@type":"BreadcrumbList","@id":"https:\/\/www.summetix.com\/de\/technologie\/#breadcrumb","itemListElement":[{"@type":"ListItem","position":1,"name":"Home","item":"https:\/\/www.summetix.com\/de\/"},{"@type":"ListItem","position":2,"name":"Technologie"}]},{"@type":"WebSite","@id":"https:\/\/www.summetix.com\/de\/#website","url":"https:\/\/www.summetix.com\/de\/","name":"summetix","description":"Discover hidden insights in customer feedback and complex qualitative data. summetix uses proprietary Argument Mining and large language models to discover patterns and trends that help your business save and make money.","publisher":{"@id":"https:\/\/www.summetix.com\/de\/#organization"},"potentialAction":[{"@type":"SearchAction","target":{"@type":"EntryPoint","urlTemplate":"https:\/\/www.summetix.com\/de\/?s={search_term_string}"},"query-input":{"@type":"PropertyValueSpecification","valueRequired":true,"valueName":"search_term_string"}}],"inLanguage":"de"},{"@type":"Organization","@id":"https:\/\/www.summetix.com\/de\/#organization","name":"summetix","url":"https:\/\/www.summetix.com\/de\/","logo":{"@type":"ImageObject","inLanguage":"de","@id":"https:\/\/www.summetix.com\/de\/#\/schema\/logo\/image\/","url":"https:\/\/www.summetix.com\/wp-content\/uploads\/2023\/12\/summetix_smooth_text.png","contentUrl":"https:\/\/www.summetix.com\/wp-content\/uploads\/2023\/12\/summetix_smooth_text.png","width":2000,"height":304,"caption":"summetix"},"image":{"@id":"https:\/\/www.summetix.com\/de\/#\/schema\/logo\/image\/"}}]}},"_links":{"self":[{"href":"https:\/\/www.summetix.com\/de\/wp-json\/wp\/v2\/pages\/5121","targetHints":{"allow":["GET"]}}],"collection":[{"href":"https:\/\/www.summetix.com\/de\/wp-json\/wp\/v2\/pages"}],"about":[{"href":"https:\/\/www.summetix.com\/de\/wp-json\/wp\/v2\/types\/page"}],"author":[{"embeddable":true,"href":"https:\/\/www.summetix.com\/de\/wp-json\/wp\/v2\/users\/6"}],"replies":[{"embeddable":true,"href":"https:\/\/www.summetix.com\/de\/wp-json\/wp\/v2\/comments?post=5121"}],"version-history":[{"count":36,"href":"https:\/\/www.summetix.com\/de\/wp-json\/wp\/v2\/pages\/5121\/revisions"}],"predecessor-version":[{"id":7634,"href":"https:\/\/www.summetix.com\/de\/wp-json\/wp\/v2\/pages\/5121\/revisions\/7634"}],"wp:attachment":[{"href":"https:\/\/www.summetix.com\/de\/wp-json\/wp\/v2\/media?parent=5121"}],"curies":[{"name":"wp","href":"https:\/\/api.w.org\/{rel}","templated":true}]}}