{"id":5176,"date":"2024-02-07T18:24:41","date_gmt":"2024-02-07T18:24:41","guid":{"rendered":"https:\/\/www.summetix.com\/unternehmen\/"},"modified":"2024-06-25T14:04:54","modified_gmt":"2024-06-25T14:04:54","slug":"unternehmen","status":"publish","type":"page","link":"https:\/\/www.summetix.com\/de\/unternehmen\/","title":{"rendered":"Unternehmen"},"content":{"rendered":"\t\t<div data-elementor-type=\"wp-page\" data-elementor-id=\"5176\" class=\"elementor elementor-5176 elementor-2314\" data-elementor-post-type=\"page\">\n\t\t\t\t<div class=\"elementor-element elementor-element-5591b19e e-con-full e-flex e-con e-parent\" data-id=\"5591b19e\" data-element_type=\"container\" data-e-type=\"container\" data-settings=\"{&quot;background_background&quot;:&quot;classic&quot;,&quot;shape_divider_bottom&quot;:&quot;opacity-tilt&quot;}\">\n\t\t\t\t<div class=\"elementor-shape elementor-shape-bottom\" aria-hidden=\"true\" data-negative=\"false\">\n\t\t\t<svg xmlns=\"http:\/\/www.w3.org\/2000\/svg\" viewBox=\"0 0 2600 131.1\" preserveAspectRatio=\"none\">\n\t<path class=\"elementor-shape-fill\" d=\"M0 0L2600 0 2600 69.1 0 0z\"\/>\n\t<path class=\"elementor-shape-fill\" style=\"opacity:0.5\" d=\"M0 0L2600 0 2600 69.1 0 69.1z\"\/>\n\t<path class=\"elementor-shape-fill\" style=\"opacity:0.25\" d=\"M2600 0L0 0 0 130.1 2600 69.1z\"\/>\n<\/svg>\t\t<\/div>\n\t\t<div class=\"elementor-element elementor-element-351b66df e-con-full e-flex e-con e-child\" data-id=\"351b66df\" data-element_type=\"container\" data-e-type=\"container\">\n\t\t\t\t<div class=\"elementor-element elementor-element-26d04a2e elementor-widget elementor-widget-heading\" data-id=\"26d04a2e\" data-element_type=\"widget\" data-e-type=\"widget\" data-widget_type=\"heading.default\">\n\t\t\t\t<div class=\"elementor-widget-container\">\n\t\t\t\t\t<h3 class=\"elementor-heading-title elementor-size-default\">KUNDENINFORMATIONEN DER N\u00c4CHSTEN GENERATION<\/h3>\t\t\t\t<\/div>\n\t\t\t\t<\/div>\n\t\t\t\t<div class=\"elementor-element elementor-element-5420fc3b elementor-invisible elementor-widget elementor-widget-heading\" data-id=\"5420fc3b\" data-element_type=\"widget\" data-e-type=\"widget\" data-settings=\"{&quot;_animation&quot;:&quot;zoomIn&quot;}\" data-widget_type=\"heading.default\">\n\t\t\t\t<div class=\"elementor-widget-container\">\n\t\t\t\t\t<h1 class=\"elementor-heading-title elementor-size-default\">Unternehmen<\/h1>\t\t\t\t<\/div>\n\t\t\t\t<\/div>\n\t\t\t\t<div class=\"elementor-element elementor-element-4814f3b2 elementor-widget__width-initial elementor-widget elementor-widget-text-editor\" data-id=\"4814f3b2\" data-element_type=\"widget\" data-e-type=\"widget\" data-widget_type=\"text-editor.default\">\n\t\t\t\t<div class=\"elementor-widget-container\">\n\t\t\t\t\t\t\t\t\t<p style=\"text-align: center;\">Entdecken Sie verborgene Erkenntnisse in <strong>Kundenfeedback<\/strong> und komplexen qualitativen Daten. SUMMETIX verwendet propriet\u00e4res <strong>Argument Mining<\/strong> und gro\u00dfe Sprachmodelle, um Muster und<strong> Trends <\/strong>zu entdecken, die Ihr Gesch\u00e4ft ver\u00e4ndern werden.<\/p>\n\t\t\t\t\t\t\t\t<\/div>\n\t\t\t\t<\/div>\n\t\t\t\t<\/div>\n\t\t<div class=\"elementor-element elementor-element-5144ddb e-flex e-con-boxed e-con e-child\" data-id=\"5144ddb\" data-element_type=\"container\" data-e-type=\"container\" data-settings=\"{&quot;background_background&quot;:&quot;classic&quot;}\">\n\t\t\t\t\t<div class=\"e-con-inner\">\n\t\t\t\t<div class=\"elementor-element elementor-element-2d3b872 elementor-widget elementor-widget-button\" data-id=\"2d3b872\" data-element_type=\"widget\" data-e-type=\"widget\" data-widget_type=\"button.default\">\n\t\t\t\t<div class=\"elementor-widget-container\">\n\t\t\t\t\t\t\t\t\t<div class=\"elementor-button-wrapper\">\n\t\t\t\t\t<a class=\"elementor-button elementor-button-link elementor-size-xl\" href=\"https:\/\/www.summetix.com\/demo\/\">\n\t\t\t\t\t\t<span class=\"elementor-button-content-wrapper\">\n\t\t\t\t\t\t\t\t\t<span class=\"elementor-button-text\">Demo anfordern<\/span>\n\t\t\t\t\t<\/span>\n\t\t\t\t\t<\/a>\n\t\t\t\t<\/div>\n\t\t\t\t\t\t\t\t<\/div>\n\t\t\t\t<\/div>\n\t\t\t\t\t<\/div>\n\t\t\t\t<\/div>\n\t\t\t\t<\/div>\n\t\t<div class=\"elementor-element elementor-element-51e1b5c e-flex e-con-boxed e-con e-parent\" data-id=\"51e1b5c\" data-element_type=\"container\" data-e-type=\"container\" data-settings=\"{&quot;background_background&quot;:&quot;classic&quot;,&quot;shape_divider_bottom&quot;:&quot;tilt&quot;}\">\n\t\t\t\t\t<div class=\"e-con-inner\">\n\t\t\t\t<div class=\"elementor-shape elementor-shape-bottom\" aria-hidden=\"true\" data-negative=\"false\">\n\t\t\t<svg xmlns=\"http:\/\/www.w3.org\/2000\/svg\" viewBox=\"0 0 1000 100\" preserveAspectRatio=\"none\">\n\t<path class=\"elementor-shape-fill\" d=\"M0,6V0h1000v100L0,6z\"\/>\n<\/svg>\t\t<\/div>\n\t\t<div class=\"elementor-element elementor-element-bfe4a41 e-flex e-con-boxed e-con e-child\" data-id=\"bfe4a41\" data-element_type=\"container\" data-e-type=\"container\" data-settings=\"{&quot;background_background&quot;:&quot;classic&quot;}\">\n\t\t\t\t\t<div class=\"e-con-inner\">\n\t\t\t\t<div class=\"elementor-element elementor-element-6d9bbfe elementor-widget elementor-widget-heading\" data-id=\"6d9bbfe\" data-element_type=\"widget\" data-e-type=\"widget\" data-settings=\"{&quot;motion_fx_motion_fx_scrolling&quot;:&quot;yes&quot;,&quot;motion_fx_translateY_effect&quot;:&quot;yes&quot;,&quot;motion_fx_translateY_speed&quot;:{&quot;unit&quot;:&quot;px&quot;,&quot;size&quot;:&quot;0.5&quot;,&quot;sizes&quot;:[]},&quot;motion_fx_translateY_affectedRange&quot;:{&quot;unit&quot;:&quot;%&quot;,&quot;size&quot;:&quot;&quot;,&quot;sizes&quot;:{&quot;start&quot;:&quot;0&quot;,&quot;end&quot;:&quot;50&quot;}},&quot;motion_fx_opacity_effect&quot;:&quot;yes&quot;,&quot;motion_fx_opacity_range&quot;:{&quot;unit&quot;:&quot;%&quot;,&quot;size&quot;:&quot;&quot;,&quot;sizes&quot;:{&quot;start&quot;:&quot;0&quot;,&quot;end&quot;:&quot;50&quot;}},&quot;motion_fx_opacity_direction&quot;:&quot;out-in&quot;,&quot;motion_fx_opacity_level&quot;:{&quot;unit&quot;:&quot;px&quot;,&quot;size&quot;:10,&quot;sizes&quot;:[]},&quot;motion_fx_devices&quot;:[&quot;desktop&quot;,&quot;tablet&quot;,&quot;mobile&quot;]}\" data-widget_type=\"heading.default\">\n\t\t\t\t<div class=\"elementor-widget-container\">\n\t\t\t\t\t<h2 class=\"elementor-heading-title elementor-size-default\">Treffen Sie unsere Gr\u00fcnder<\/h2>\t\t\t\t<\/div>\n\t\t\t\t<\/div>\n\t\t<div class=\"elementor-element elementor-element-81eb40e e-con-full e-flex e-con e-child\" data-id=\"81eb40e\" data-element_type=\"container\" data-e-type=\"container\">\n\t\t\t\t<div class=\"elementor-element elementor-element-c56e69b elementor-cta--valign-middle elementor-widget__width-initial elementor-widget-mobile__width-inherit elementor-cta--skin-classic elementor-animated-content elementor-bg-transform elementor-bg-transform-zoom-in elementor-widget elementor-widget-call-to-action\" data-id=\"c56e69b\" data-element_type=\"widget\" data-e-type=\"widget\" data-widget_type=\"call-to-action.default\">\n\t\t\t\t<div class=\"elementor-widget-container\">\n\t\t\t\t\t\t\t<div class=\"elementor-cta\">\n\t\t\t\t\t<div class=\"elementor-cta__bg-wrapper\">\n\t\t\t\t<div class=\"elementor-cta__bg elementor-bg\" style=\"background-image: url(https:\/\/www.summetix.com\/wp-content\/uploads\/2023\/12\/portrait-kaiser.png);\" role=\"img\" aria-label=\"portrait-kaiser\"><\/div>\n\t\t\t\t<div class=\"elementor-cta__bg-overlay\"><\/div>\n\t\t\t<\/div>\n\t\t\t\t\t\t\t<div class=\"elementor-cta__content\">\n\t\t\t\t\n\t\t\t\t\t\t\t\t\t<h2 class=\"elementor-cta__title elementor-cta__content-item elementor-content-item\">\n\t\t\t\t\t\tErik Kaiser\t\t\t\t\t<\/h2>\n\t\t\t\t\n\t\t\t\t\t\t\t\t\t<div class=\"elementor-cta__description elementor-cta__content-item elementor-content-item\">\n\t\t\t\t\t\t<p>Mitbegr\u00fcnder, CEO &amp; Gesch\u00e4ftsf\u00fchrer<\/p>\n\t\t\t\t\t<\/div>\n\t\t\t\t\n\t\t\t\t\t\t\t<\/div>\n\t\t\t\t\t\t<\/div>\n\t\t\t\t\t\t<\/div>\n\t\t\t\t<\/div>\n\t\t\t\t<div class=\"elementor-element elementor-element-3f806ef elementor-cta--valign-middle elementor-widget__width-initial elementor-widget-mobile__width-inherit elementor-cta--skin-classic elementor-animated-content elementor-bg-transform elementor-bg-transform-zoom-in elementor-widget elementor-widget-call-to-action\" data-id=\"3f806ef\" data-element_type=\"widget\" data-e-type=\"widget\" data-widget_type=\"call-to-action.default\">\n\t\t\t\t<div class=\"elementor-widget-container\">\n\t\t\t\t\t\t\t<div class=\"elementor-cta\">\n\t\t\t\t\t<div class=\"elementor-cta__bg-wrapper\">\n\t\t\t\t<div class=\"elementor-cta__bg elementor-bg\" style=\"background-image: url(https:\/\/www.summetix.com\/wp-content\/uploads\/2023\/12\/portrait-daxenberger.jpg);\" role=\"img\" aria-label=\"portrait-daxenberger\"><\/div>\n\t\t\t\t<div class=\"elementor-cta__bg-overlay\"><\/div>\n\t\t\t<\/div>\n\t\t\t\t\t\t\t<div class=\"elementor-cta__content\">\n\t\t\t\t\n\t\t\t\t\t\t\t\t\t<h2 class=\"elementor-cta__title elementor-cta__content-item elementor-content-item\">\n\t\t\t\t\t\tDr. Johannes Daxenberger\t\t\t\t\t<\/h2>\n\t\t\t\t\n\t\t\t\t\t\t\t\t\t<div class=\"elementor-cta__description elementor-cta__content-item elementor-content-item\">\n\t\t\t\t\t\t<p>Mitbegr\u00fcnder, COO &amp; Gesch\u00e4ftsf\u00fchrer<\/p>\n\t\t\t\t\t<\/div>\n\t\t\t\t\n\t\t\t\t\t\t\t<\/div>\n\t\t\t\t\t\t<\/div>\n\t\t\t\t\t\t<\/div>\n\t\t\t\t<\/div>\n\t\t\t\t<div class=\"elementor-element elementor-element-0d7049e elementor-cta--valign-middle elementor-widget__width-initial elementor-widget-mobile__width-inherit elementor-cta--skin-classic elementor-animated-content elementor-bg-transform elementor-bg-transform-zoom-in elementor-widget elementor-widget-call-to-action\" data-id=\"0d7049e\" data-element_type=\"widget\" data-e-type=\"widget\" data-widget_type=\"call-to-action.default\">\n\t\t\t\t<div class=\"elementor-widget-container\">\n\t\t\t\t\t\t\t<div class=\"elementor-cta\">\n\t\t\t\t\t<div class=\"elementor-cta__bg-wrapper\">\n\t\t\t\t<div class=\"elementor-cta__bg elementor-bg\" style=\"background-image: url(https:\/\/www.summetix.com\/wp-content\/uploads\/2023\/12\/portrait-Schiller.png);\" role=\"img\" aria-label=\"portrait-Schiller\"><\/div>\n\t\t\t\t<div class=\"elementor-cta__bg-overlay\"><\/div>\n\t\t\t<\/div>\n\t\t\t\t\t\t\t<div class=\"elementor-cta__content\">\n\t\t\t\t\n\t\t\t\t\t\t\t\t\t<h2 class=\"elementor-cta__title elementor-cta__content-item elementor-content-item\">\n\t\t\t\t\t\tBenjamin Schiller\t\t\t\t\t<\/h2>\n\t\t\t\t\n\t\t\t\t\t\t\t\t\t<div class=\"elementor-cta__description elementor-cta__content-item elementor-content-item\">\n\t\t\t\t\t\t<p>Mitbegr\u00fcnder &amp; CTO<\/p>\n\t\t\t\t\t<\/div>\n\t\t\t\t\n\t\t\t\t\t\t\t<\/div>\n\t\t\t\t\t\t<\/div>\n\t\t\t\t\t\t<\/div>\n\t\t\t\t<\/div>\n\t\t\t\t<\/div>\n\t\t\t\t\t<\/div>\n\t\t\t\t<\/div>\n\t\t\t\t\t<\/div>\n\t\t\t\t<\/div>\n\t\t\t\t<\/div>\n\t\t","protected":false},"excerpt":{"rendered":"<p>KUNDENINFORMATIONEN DER N\u00c4CHSTEN GENERATION Unternehmen Entdecken Sie verborgene Erkenntnisse in Kundenfeedback und komplexen qualitativen Daten. SUMMETIX verwendet propriet\u00e4res Argument Mining und gro\u00dfe Sprachmodelle, um Muster und Trends zu entdecken, die Ihr Gesch\u00e4ft ver\u00e4ndern werden. Demo anfordern Treffen Sie unsere Gr\u00fcnder Erik Kaiser Mitbegr\u00fcnder, CEO &amp; Gesch\u00e4ftsf\u00fchrer Dr. Johannes Daxenberger Mitbegr\u00fcnder, COO &amp; Gesch\u00e4ftsf\u00fchrer Benjamin Schiller [&hellip;]<\/p>\n","protected":false},"author":6,"featured_media":0,"parent":0,"menu_order":0,"comment_status":"closed","ping_status":"closed","template":"","meta":{"content-type":"","footnotes":""},"class_list":["post-5176","page","type-page","status-publish","hentry"],"yoast_head":"<!-- This site is optimized with the Yoast SEO plugin v27.4 - https:\/\/yoast.com\/product\/yoast-seo-wordpress\/ -->\n<title>Unternehmen - summetix<\/title>\n<meta name=\"robots\" content=\"index, follow, max-snippet:-1, max-image-preview:large, max-video-preview:-1\" \/>\n<link rel=\"canonical\" href=\"https:\/\/www.summetix.com\/de\/unternehmen\/\" \/>\n<meta property=\"og:locale\" content=\"de_DE\" \/>\n<meta property=\"og:type\" content=\"article\" \/>\n<meta property=\"og:title\" content=\"Unternehmen - summetix\" \/>\n<meta property=\"og:description\" content=\"KUNDENINFORMATIONEN DER N\u00c4CHSTEN GENERATION Unternehmen Entdecken Sie verborgene Erkenntnisse in Kundenfeedback und komplexen qualitativen Daten. SUMMETIX verwendet propriet\u00e4res Argument Mining und gro\u00dfe Sprachmodelle, um Muster und Trends zu entdecken, die Ihr Gesch\u00e4ft ver\u00e4ndern werden. Demo anfordern Treffen Sie unsere Gr\u00fcnder Erik Kaiser Mitbegr\u00fcnder, CEO &amp; Gesch\u00e4ftsf\u00fchrer Dr. Johannes Daxenberger Mitbegr\u00fcnder, COO &amp; Gesch\u00e4ftsf\u00fchrer Benjamin Schiller [&hellip;]\" \/>\n<meta property=\"og:url\" content=\"https:\/\/www.summetix.com\/de\/unternehmen\/\" \/>\n<meta property=\"og:site_name\" content=\"summetix\" \/>\n<meta property=\"article:modified_time\" content=\"2024-06-25T14:04:54+00:00\" \/>\n<meta name=\"twitter:label1\" content=\"Gesch\u00e4tzte Lesezeit\" \/>\n\t<meta name=\"twitter:data1\" content=\"1\u00a0Minute\" \/>\n<script type=\"application\/ld+json\" class=\"yoast-schema-graph\">{\"@context\":\"https:\\\/\\\/schema.org\",\"@graph\":[{\"@type\":\"WebPage\",\"@id\":\"https:\\\/\\\/www.summetix.com\\\/de\\\/unternehmen\\\/\",\"url\":\"https:\\\/\\\/www.summetix.com\\\/de\\\/unternehmen\\\/\",\"name\":\"Unternehmen - summetix\",\"isPartOf\":{\"@id\":\"https:\\\/\\\/www.summetix.com\\\/de\\\/#website\"},\"datePublished\":\"2024-02-07T18:24:41+00:00\",\"dateModified\":\"2024-06-25T14:04:54+00:00\",\"breadcrumb\":{\"@id\":\"https:\\\/\\\/www.summetix.com\\\/de\\\/unternehmen\\\/#breadcrumb\"},\"inLanguage\":\"de\",\"potentialAction\":[{\"@type\":\"ReadAction\",\"target\":[\"https:\\\/\\\/www.summetix.com\\\/de\\\/unternehmen\\\/\"]}]},{\"@type\":\"BreadcrumbList\",\"@id\":\"https:\\\/\\\/www.summetix.com\\\/de\\\/unternehmen\\\/#breadcrumb\",\"itemListElement\":[{\"@type\":\"ListItem\",\"position\":1,\"name\":\"Home\",\"item\":\"https:\\\/\\\/www.summetix.com\\\/de\\\/startseite-2\\\/\"},{\"@type\":\"ListItem\",\"position\":2,\"name\":\"Unternehmen\"}]},{\"@type\":\"WebSite\",\"@id\":\"https:\\\/\\\/www.summetix.com\\\/de\\\/#website\",\"url\":\"https:\\\/\\\/www.summetix.com\\\/de\\\/\",\"name\":\"summetix\",\"description\":\"Discover hidden insights in customer feedback and complex qualitative data. summetix uses proprietary Argument Mining and large language models to discover patterns and trends that help your business save and make money.\",\"publisher\":{\"@id\":\"https:\\\/\\\/www.summetix.com\\\/de\\\/#organization\"},\"potentialAction\":[{\"@type\":\"SearchAction\",\"target\":{\"@type\":\"EntryPoint\",\"urlTemplate\":\"https:\\\/\\\/www.summetix.com\\\/de\\\/?s={search_term_string}\"},\"query-input\":{\"@type\":\"PropertyValueSpecification\",\"valueRequired\":true,\"valueName\":\"search_term_string\"}}],\"inLanguage\":\"de\"},{\"@type\":\"Organization\",\"@id\":\"https:\\\/\\\/www.summetix.com\\\/de\\\/#organization\",\"name\":\"summetix\",\"url\":\"https:\\\/\\\/www.summetix.com\\\/de\\\/\",\"logo\":{\"@type\":\"ImageObject\",\"inLanguage\":\"de\",\"@id\":\"https:\\\/\\\/www.summetix.com\\\/de\\\/#\\\/schema\\\/logo\\\/image\\\/\",\"url\":\"https:\\\/\\\/www.summetix.com\\\/wp-content\\\/uploads\\\/2023\\\/12\\\/summetix_smooth_text.png\",\"contentUrl\":\"https:\\\/\\\/www.summetix.com\\\/wp-content\\\/uploads\\\/2023\\\/12\\\/summetix_smooth_text.png\",\"width\":2000,\"height\":304,\"caption\":\"summetix\"},\"image\":{\"@id\":\"https:\\\/\\\/www.summetix.com\\\/de\\\/#\\\/schema\\\/logo\\\/image\\\/\"}}]}<\/script>\n<!-- \/ Yoast SEO plugin. -->","yoast_head_json":{"title":"Unternehmen - summetix","robots":{"index":"index","follow":"follow","max-snippet":"max-snippet:-1","max-image-preview":"max-image-preview:large","max-video-preview":"max-video-preview:-1"},"canonical":"https:\/\/www.summetix.com\/de\/unternehmen\/","og_locale":"de_DE","og_type":"article","og_title":"Unternehmen - summetix","og_description":"KUNDENINFORMATIONEN DER N\u00c4CHSTEN GENERATION Unternehmen Entdecken Sie verborgene Erkenntnisse in Kundenfeedback und komplexen qualitativen Daten. SUMMETIX verwendet propriet\u00e4res Argument Mining und gro\u00dfe Sprachmodelle, um Muster und Trends zu entdecken, die Ihr Gesch\u00e4ft ver\u00e4ndern werden. Demo anfordern Treffen Sie unsere Gr\u00fcnder Erik Kaiser Mitbegr\u00fcnder, CEO &amp; Gesch\u00e4ftsf\u00fchrer Dr. Johannes Daxenberger Mitbegr\u00fcnder, COO &amp; Gesch\u00e4ftsf\u00fchrer Benjamin Schiller [&hellip;]","og_url":"https:\/\/www.summetix.com\/de\/unternehmen\/","og_site_name":"summetix","article_modified_time":"2024-06-25T14:04:54+00:00","twitter_misc":{"Gesch\u00e4tzte Lesezeit":"1\u00a0Minute"},"schema":{"@context":"https:\/\/schema.org","@graph":[{"@type":"WebPage","@id":"https:\/\/www.summetix.com\/de\/unternehmen\/","url":"https:\/\/www.summetix.com\/de\/unternehmen\/","name":"Unternehmen - summetix","isPartOf":{"@id":"https:\/\/www.summetix.com\/de\/#website"},"datePublished":"2024-02-07T18:24:41+00:00","dateModified":"2024-06-25T14:04:54+00:00","breadcrumb":{"@id":"https:\/\/www.summetix.com\/de\/unternehmen\/#breadcrumb"},"inLanguage":"de","potentialAction":[{"@type":"ReadAction","target":["https:\/\/www.summetix.com\/de\/unternehmen\/"]}]},{"@type":"BreadcrumbList","@id":"https:\/\/www.summetix.com\/de\/unternehmen\/#breadcrumb","itemListElement":[{"@type":"ListItem","position":1,"name":"Home","item":"https:\/\/www.summetix.com\/de\/startseite-2\/"},{"@type":"ListItem","position":2,"name":"Unternehmen"}]},{"@type":"WebSite","@id":"https:\/\/www.summetix.com\/de\/#website","url":"https:\/\/www.summetix.com\/de\/","name":"summetix","description":"Discover hidden insights in customer feedback and complex qualitative data. summetix uses proprietary Argument Mining and large language models to discover patterns and trends that help your business save and make money.","publisher":{"@id":"https:\/\/www.summetix.com\/de\/#organization"},"potentialAction":[{"@type":"SearchAction","target":{"@type":"EntryPoint","urlTemplate":"https:\/\/www.summetix.com\/de\/?s={search_term_string}"},"query-input":{"@type":"PropertyValueSpecification","valueRequired":true,"valueName":"search_term_string"}}],"inLanguage":"de"},{"@type":"Organization","@id":"https:\/\/www.summetix.com\/de\/#organization","name":"summetix","url":"https:\/\/www.summetix.com\/de\/","logo":{"@type":"ImageObject","inLanguage":"de","@id":"https:\/\/www.summetix.com\/de\/#\/schema\/logo\/image\/","url":"https:\/\/www.summetix.com\/wp-content\/uploads\/2023\/12\/summetix_smooth_text.png","contentUrl":"https:\/\/www.summetix.com\/wp-content\/uploads\/2023\/12\/summetix_smooth_text.png","width":2000,"height":304,"caption":"summetix"},"image":{"@id":"https:\/\/www.summetix.com\/de\/#\/schema\/logo\/image\/"}}]}},"_links":{"self":[{"href":"https:\/\/www.summetix.com\/de\/wp-json\/wp\/v2\/pages\/5176","targetHints":{"allow":["GET"]}}],"collection":[{"href":"https:\/\/www.summetix.com\/de\/wp-json\/wp\/v2\/pages"}],"about":[{"href":"https:\/\/www.summetix.com\/de\/wp-json\/wp\/v2\/types\/page"}],"author":[{"embeddable":true,"href":"https:\/\/www.summetix.com\/de\/wp-json\/wp\/v2\/users\/6"}],"replies":[{"embeddable":true,"href":"https:\/\/www.summetix.com\/de\/wp-json\/wp\/v2\/comments?post=5176"}],"version-history":[{"count":5,"href":"https:\/\/www.summetix.com\/de\/wp-json\/wp\/v2\/pages\/5176\/revisions"}],"predecessor-version":[{"id":5443,"href":"https:\/\/www.summetix.com\/de\/wp-json\/wp\/v2\/pages\/5176\/revisions\/5443"}],"wp:attachment":[{"href":"https:\/\/www.summetix.com\/de\/wp-json\/wp\/v2\/media?parent=5176"}],"curies":[{"name":"wp","href":"https:\/\/api.w.org\/{rel}","templated":true}]}}